{"id":4985,"date":"2023-03-13T08:33:04","date_gmt":"2023-03-13T07:33:04","guid":{"rendered":"https:\/\/kikartei.ch\/modules-complementaires\/prise-en-charge-mac\/"},"modified":"2023-03-13T08:33:04","modified_gmt":"2023-03-13T07:33:04","slug":"prise-en-charge-mac","status":"publish","type":"page","link":"https:\/\/kikartei.ch\/fr\/modules-complementaires\/prise-en-charge-mac\/","title":{"rendered":"Prise en charge Mac"},"content":{"rendered":"\t\t<div data-elementor-type=\"wp-page\" data-elementor-id=\"4985\" class=\"elementor elementor-4985 elementor-1472\">\n\t\t\t\t\t\t<section class=\"elementor-section elementor-top-section elementor-element elementor-element-40aa8bd elementor-section-boxed elementor-section-height-default elementor-section-height-default\" data-id=\"40aa8bd\" data-element_type=\"section\" data-e-type=\"section\">\n\t\t\t\t\t\t<div class=\"elementor-container elementor-column-gap-default\">\n\t\t\t\t\t<div class=\"elementor-column elementor-col-100 elementor-top-column elementor-element elementor-element-6a9a2da5\" data-id=\"6a9a2da5\" data-element_type=\"column\" data-e-type=\"column\">\n\t\t\t<div class=\"elementor-widget-wrap elementor-element-populated\">\n\t\t\t\t\t\t<div class=\"elementor-element elementor-element-6ab0cb24 elementor-widget elementor-widget-text-editor\" data-id=\"6ab0cb24\" data-element_type=\"widget\" data-e-type=\"widget\" data-widget_type=\"text-editor.default\">\n\t\t\t\t<div class=\"elementor-widget-container\">\n\t\t\t\t\t\t\t\t\t<p><\/p>\n<p><strong>Remote Desktop inc. Microsoft Office 365<\/strong><\/p>\n<p><\/p>\n<p>M\u00eame si vous travaillez avec Mac d\u2019Apple, vous n\u2019avez pas \u00e0 vous passer du KiKartei. Avec Remote Desktop, vous disposez de toutes les fonctionnalit\u00e9s de KiKartei (module suppl\u00e9mentaire moyennant un suppl\u00e9ment).<\/p>\n<p><\/p>\t\t\t\t\t\t\t\t<\/div>\n\t\t\t\t<\/div>\n\t\t\t\t\t<\/div>\n\t\t<\/div>\n\t\t\t\t\t<\/div>\n\t\t<\/section>\n\t\t\t\t<\/div>\n\t\t","protected":false},"excerpt":{"rendered":"<p>Remote Desktop inc. Microsoft Office 365 M\u00eame si vous travaillez avec Mac d\u2019Apple, vous n\u2019avez pas \u00e0 vous passer du KiKartei. Avec Remote Desktop, vous disposez de toutes les fonctionnalit\u00e9s de KiKartei (module suppl\u00e9mentaire moyennant un suppl\u00e9ment).<\/p>\n","protected":false},"author":1,"featured_media":0,"parent":4969,"menu_order":0,"comment_status":"closed","ping_status":"closed","template":"","meta":{"wp_popup_display_lightbox":0,"wp_popup_suppress":"","wp_popup_trigger":"","wp_popup_trigger_amount":0,"wp_popup_disable_on_mobile":false,"ocean_post_layout":"full-width","ocean_both_sidebars_style":"","ocean_both_sidebars_content_width":0,"ocean_both_sidebars_sidebars_width":0,"ocean_sidebar":"0","ocean_second_sidebar":"0","ocean_disable_margins":"enable","ocean_add_body_class":"","ocean_shortcode_before_top_bar":"","ocean_shortcode_after_top_bar":"","ocean_shortcode_before_header":"","ocean_shortcode_after_header":"","ocean_has_shortcode":"","ocean_shortcode_after_title":"","ocean_shortcode_before_footer_widgets":"","ocean_shortcode_after_footer_widgets":"","ocean_shortcode_before_footer_bottom":"","ocean_shortcode_after_footer_bottom":"","ocean_display_top_bar":"default","ocean_display_header":"default","ocean_header_style":"","ocean_center_header_left_menu":"0","ocean_custom_header_template":"0","ocean_custom_logo":0,"ocean_custom_retina_logo":0,"ocean_custom_logo_max_width":0,"ocean_custom_logo_tablet_max_width":0,"ocean_custom_logo_mobile_max_width":0,"ocean_custom_logo_max_height":0,"ocean_custom_logo_tablet_max_height":0,"ocean_custom_logo_mobile_max_height":0,"ocean_header_custom_menu":"0","ocean_menu_typo_font_family":"0","ocean_menu_typo_font_subset":"","ocean_menu_typo_font_size":0,"ocean_menu_typo_font_size_tablet":0,"ocean_menu_typo_font_size_mobile":0,"ocean_menu_typo_font_size_unit":"px","ocean_menu_typo_font_weight":"","ocean_menu_typo_font_weight_tablet":"","ocean_menu_typo_font_weight_mobile":"","ocean_menu_typo_transform":"","ocean_menu_typo_transform_tablet":"","ocean_menu_typo_transform_mobile":"","ocean_menu_typo_line_height":0,"ocean_menu_typo_line_height_tablet":0,"ocean_menu_typo_line_height_mobile":0,"ocean_menu_typo_line_height_unit":"","ocean_menu_typo_spacing":0,"ocean_menu_typo_spacing_tablet":0,"ocean_menu_typo_spacing_mobile":0,"ocean_menu_typo_spacing_unit":"","ocean_menu_link_color":"","ocean_menu_link_color_hover":"","ocean_menu_link_color_active":"","ocean_menu_link_background":"","ocean_menu_link_hover_background":"","ocean_menu_link_active_background":"","ocean_menu_social_links_bg":"","ocean_menu_social_hover_links_bg":"","ocean_menu_social_links_color":"","ocean_menu_social_hover_links_color":"","ocean_disable_title":"enable","ocean_disable_heading":"default","ocean_post_title":"","ocean_post_subheading":"","ocean_post_title_style":"","ocean_post_title_background_color":"","ocean_post_title_background":0,"ocean_post_title_bg_image_position":"","ocean_post_title_bg_image_attachment":"","ocean_post_title_bg_image_repeat":"","ocean_post_title_bg_image_size":"","ocean_post_title_height":0,"ocean_post_title_bg_overlay":0.5,"ocean_post_title_bg_overlay_color":"","ocean_disable_breadcrumbs":"default","ocean_breadcrumbs_color":"","ocean_breadcrumbs_separator_color":"","ocean_breadcrumbs_links_color":"","ocean_breadcrumbs_links_hover_color":"","ocean_display_footer_widgets":"default","ocean_display_footer_bottom":"default","ocean_custom_footer_template":"0","footnotes":""},"class_list":["post-4985","page","type-page","status-publish","hentry","entry"],"yoast_head":"<!-- This site is optimized with the Yoast SEO plugin v27.4 - https:\/\/yoast.com\/product\/yoast-seo-wordpress\/ -->\n<title>Prise en charge Mac - kikartei.ch - Kirchensoftware aus der Schweiz<\/title>\n<meta name=\"description\" content=\"KiKartei.ch - das Programm f\u00fcr einfache Pfarrei- und Kirchgemeindeverwaltung. Von KW-Software AG.\" \/>\n<meta name=\"robots\" content=\"index, follow, max-snippet:-1, max-image-preview:large, max-video-preview:-1\" \/>\n<link rel=\"canonical\" href=\"https:\/\/kikartei.ch\/fr\/modules-complementaires\/prise-en-charge-mac\/\" \/>\n<meta property=\"og:locale\" content=\"fr_FR\" \/>\n<meta property=\"og:type\" content=\"article\" \/>\n<meta property=\"og:title\" content=\"Prise en charge Mac - kikartei.ch - Kirchensoftware aus der Schweiz\" \/>\n<meta property=\"og:description\" content=\"KiKartei.ch - das Programm f\u00fcr einfache Pfarrei- und Kirchgemeindeverwaltung. Von KW-Software AG.\" \/>\n<meta property=\"og:url\" content=\"https:\/\/kikartei.ch\/fr\/modules-complementaires\/prise-en-charge-mac\/\" \/>\n<meta property=\"og:site_name\" content=\"kikartei.ch - Kirchensoftware aus der Schweiz\" \/>\n<meta name=\"twitter:card\" content=\"summary_large_image\" \/>\n<script type=\"application\/ld+json\" class=\"yoast-schema-graph\">{\"@context\":\"https:\\\/\\\/schema.org\",\"@graph\":[{\"@type\":\"WebPage\",\"@id\":\"https:\\\/\\\/kikartei.ch\\\/fr\\\/modules-complementaires\\\/prise-en-charge-mac\\\/\",\"url\":\"https:\\\/\\\/kikartei.ch\\\/fr\\\/modules-complementaires\\\/prise-en-charge-mac\\\/\",\"name\":\"Prise en charge Mac - kikartei.ch - Kirchensoftware aus der Schweiz\",\"isPartOf\":{\"@id\":\"https:\\\/\\\/kikartei.ch\\\/#website\"},\"datePublished\":\"2023-03-13T07:33:04+00:00\",\"description\":\"KiKartei.ch - das Programm f\u00fcr einfache Pfarrei- und Kirchgemeindeverwaltung. Von KW-Software AG.\",\"breadcrumb\":{\"@id\":\"https:\\\/\\\/kikartei.ch\\\/fr\\\/modules-complementaires\\\/prise-en-charge-mac\\\/#breadcrumb\"},\"inLanguage\":\"fr-FR\",\"potentialAction\":[{\"@type\":\"ReadAction\",\"target\":[\"https:\\\/\\\/kikartei.ch\\\/fr\\\/modules-complementaires\\\/prise-en-charge-mac\\\/\"]}]},{\"@type\":\"BreadcrumbList\",\"@id\":\"https:\\\/\\\/kikartei.ch\\\/fr\\\/modules-complementaires\\\/prise-en-charge-mac\\\/#breadcrumb\",\"itemListElement\":[{\"@type\":\"ListItem\",\"position\":1,\"name\":\"Home\",\"item\":\"https:\\\/\\\/kikartei.ch\\\/\"},{\"@type\":\"ListItem\",\"position\":2,\"name\":\"Modules compl\u00e9mentaires\",\"item\":\"https:\\\/\\\/kikartei.ch\\\/fr\\\/modules-complementaires\\\/\"},{\"@type\":\"ListItem\",\"position\":3,\"name\":\"Prise en charge Mac\"}]},{\"@type\":\"WebSite\",\"@id\":\"https:\\\/\\\/kikartei.ch\\\/#website\",\"url\":\"https:\\\/\\\/kikartei.ch\\\/\",\"name\":\"kikartei.ch - Kirchensoftware aus der Schweiz\",\"description\":\"Pfarramtsf\u00fchrung war noch nie so einfach\",\"publisher\":{\"@id\":\"https:\\\/\\\/kikartei.ch\\\/#organization\"},\"potentialAction\":[{\"@type\":\"SearchAction\",\"target\":{\"@type\":\"EntryPoint\",\"urlTemplate\":\"https:\\\/\\\/kikartei.ch\\\/?s={search_term_string}\"},\"query-input\":{\"@type\":\"PropertyValueSpecification\",\"valueRequired\":true,\"valueName\":\"search_term_string\"}}],\"inLanguage\":\"fr-FR\"},{\"@type\":\"Organization\",\"@id\":\"https:\\\/\\\/kikartei.ch\\\/#organization\",\"name\":\"KiKartei.ch\",\"url\":\"https:\\\/\\\/kikartei.ch\\\/\",\"logo\":{\"@type\":\"ImageObject\",\"inLanguage\":\"fr-FR\",\"@id\":\"https:\\\/\\\/kikartei.ch\\\/#\\\/schema\\\/logo\\\/image\\\/\",\"url\":\"https:\\\/\\\/kikartei.ch\\\/wp-content\\\/uploads\\\/2020\\\/08\\\/kikartei_Logo_text.png\",\"contentUrl\":\"https:\\\/\\\/kikartei.ch\\\/wp-content\\\/uploads\\\/2020\\\/08\\\/kikartei_Logo_text.png\",\"width\":1614,\"height\":679,\"caption\":\"KiKartei.ch\"},\"image\":{\"@id\":\"https:\\\/\\\/kikartei.ch\\\/#\\\/schema\\\/logo\\\/image\\\/\"}}]}<\/script>\n<!-- \/ Yoast SEO plugin. -->","yoast_head_json":{"title":"Prise en charge Mac - kikartei.ch - Kirchensoftware aus der Schweiz","description":"KiKartei.ch - das Programm f\u00fcr einfache Pfarrei- und Kirchgemeindeverwaltung. Von KW-Software AG.","robots":{"index":"index","follow":"follow","max-snippet":"max-snippet:-1","max-image-preview":"max-image-preview:large","max-video-preview":"max-video-preview:-1"},"canonical":"https:\/\/kikartei.ch\/fr\/modules-complementaires\/prise-en-charge-mac\/","og_locale":"fr_FR","og_type":"article","og_title":"Prise en charge Mac - kikartei.ch - Kirchensoftware aus der Schweiz","og_description":"KiKartei.ch - das Programm f\u00fcr einfache Pfarrei- und Kirchgemeindeverwaltung. Von KW-Software AG.","og_url":"https:\/\/kikartei.ch\/fr\/modules-complementaires\/prise-en-charge-mac\/","og_site_name":"kikartei.ch - Kirchensoftware aus der Schweiz","twitter_card":"summary_large_image","schema":{"@context":"https:\/\/schema.org","@graph":[{"@type":"WebPage","@id":"https:\/\/kikartei.ch\/fr\/modules-complementaires\/prise-en-charge-mac\/","url":"https:\/\/kikartei.ch\/fr\/modules-complementaires\/prise-en-charge-mac\/","name":"Prise en charge Mac - kikartei.ch - Kirchensoftware aus der Schweiz","isPartOf":{"@id":"https:\/\/kikartei.ch\/#website"},"datePublished":"2023-03-13T07:33:04+00:00","description":"KiKartei.ch - das Programm f\u00fcr einfache Pfarrei- und Kirchgemeindeverwaltung. Von KW-Software AG.","breadcrumb":{"@id":"https:\/\/kikartei.ch\/fr\/modules-complementaires\/prise-en-charge-mac\/#breadcrumb"},"inLanguage":"fr-FR","potentialAction":[{"@type":"ReadAction","target":["https:\/\/kikartei.ch\/fr\/modules-complementaires\/prise-en-charge-mac\/"]}]},{"@type":"BreadcrumbList","@id":"https:\/\/kikartei.ch\/fr\/modules-complementaires\/prise-en-charge-mac\/#breadcrumb","itemListElement":[{"@type":"ListItem","position":1,"name":"Home","item":"https:\/\/kikartei.ch\/"},{"@type":"ListItem","position":2,"name":"Modules compl\u00e9mentaires","item":"https:\/\/kikartei.ch\/fr\/modules-complementaires\/"},{"@type":"ListItem","position":3,"name":"Prise en charge Mac"}]},{"@type":"WebSite","@id":"https:\/\/kikartei.ch\/#website","url":"https:\/\/kikartei.ch\/","name":"kikartei.ch - Kirchensoftware aus der Schweiz","description":"Pfarramtsf\u00fchrung war noch nie so einfach","publisher":{"@id":"https:\/\/kikartei.ch\/#organization"},"potentialAction":[{"@type":"SearchAction","target":{"@type":"EntryPoint","urlTemplate":"https:\/\/kikartei.ch\/?s={search_term_string}"},"query-input":{"@type":"PropertyValueSpecification","valueRequired":true,"valueName":"search_term_string"}}],"inLanguage":"fr-FR"},{"@type":"Organization","@id":"https:\/\/kikartei.ch\/#organization","name":"KiKartei.ch","url":"https:\/\/kikartei.ch\/","logo":{"@type":"ImageObject","inLanguage":"fr-FR","@id":"https:\/\/kikartei.ch\/#\/schema\/logo\/image\/","url":"https:\/\/kikartei.ch\/wp-content\/uploads\/2020\/08\/kikartei_Logo_text.png","contentUrl":"https:\/\/kikartei.ch\/wp-content\/uploads\/2020\/08\/kikartei_Logo_text.png","width":1614,"height":679,"caption":"KiKartei.ch"},"image":{"@id":"https:\/\/kikartei.ch\/#\/schema\/logo\/image\/"}}]}},"_links":{"self":[{"href":"https:\/\/kikartei.ch\/fr\/wp-json\/wp\/v2\/pages\/4985","targetHints":{"allow":["GET"]}}],"collection":[{"href":"https:\/\/kikartei.ch\/fr\/wp-json\/wp\/v2\/pages"}],"about":[{"href":"https:\/\/kikartei.ch\/fr\/wp-json\/wp\/v2\/types\/page"}],"author":[{"embeddable":true,"href":"https:\/\/kikartei.ch\/fr\/wp-json\/wp\/v2\/users\/1"}],"replies":[{"embeddable":true,"href":"https:\/\/kikartei.ch\/fr\/wp-json\/wp\/v2\/comments?post=4985"}],"version-history":[{"count":1,"href":"https:\/\/kikartei.ch\/fr\/wp-json\/wp\/v2\/pages\/4985\/revisions"}],"predecessor-version":[{"id":4986,"href":"https:\/\/kikartei.ch\/fr\/wp-json\/wp\/v2\/pages\/4985\/revisions\/4986"}],"up":[{"embeddable":true,"href":"https:\/\/kikartei.ch\/fr\/wp-json\/wp\/v2\/pages\/4969"}],"wp:attachment":[{"href":"https:\/\/kikartei.ch\/fr\/wp-json\/wp\/v2\/media?parent=4985"}],"curies":[{"name":"wp","href":"https:\/\/api.w.org\/{rel}","templated":true}]}}