{"id":4977,"date":"2023-03-10T16:35:36","date_gmt":"2023-03-10T15:35:36","guid":{"rendered":"https:\/\/kikartei.ch\/modules-complementaires\/gestion-de-documents\/"},"modified":"2023-03-10T16:35:37","modified_gmt":"2023-03-10T15:35:37","slug":"gestion-de-documents","status":"publish","type":"page","link":"https:\/\/kikartei.ch\/fr\/modules-complementaires\/gestion-de-documents\/","title":{"rendered":"Gestion de documents"},"content":{"rendered":"\t\t<div data-elementor-type=\"wp-page\" data-elementor-id=\"4977\" class=\"elementor elementor-4977 elementor-1492\">\n\t\t\t\t\t\t<section class=\"elementor-section elementor-top-section elementor-element elementor-element-08b8a6b elementor-section-height-min-height elementor-section-stretched elementor-section-boxed elementor-section-height-default elementor-section-items-middle\" data-id=\"08b8a6b\" data-element_type=\"section\" data-e-type=\"section\" data-settings=\"{&quot;background_background&quot;:&quot;classic&quot;,&quot;shape_divider_bottom&quot;:&quot;tilt&quot;,&quot;stretch_section&quot;:&quot;section-stretched&quot;}\">\n\t\t\t\t\t<div class=\"elementor-shape elementor-shape-bottom\" aria-hidden=\"true\" data-negative=\"false\">\n\t\t\t<svg xmlns=\"http:\/\/www.w3.org\/2000\/svg\" viewBox=\"0 0 1000 100\" preserveAspectRatio=\"none\">\n\t<path class=\"elementor-shape-fill\" d=\"M0,6V0h1000v100L0,6z\"\/>\n<\/svg>\t\t<\/div>\n\t\t\t\t\t<div class=\"elementor-container elementor-column-gap-default\">\n\t\t\t\t\t<div class=\"elementor-column elementor-col-33 elementor-top-column elementor-element elementor-element-6e6338a\" data-id=\"6e6338a\" data-element_type=\"column\" data-e-type=\"column\">\n\t\t\t<div class=\"elementor-widget-wrap elementor-element-populated\">\n\t\t\t\t\t\t<div class=\"elementor-element elementor-element-2d4aea9 elementor-button-info elementor-hidden-desktop elementor-hidden-tablet elementor-hidden-mobile elementor-widget elementor-widget-button\" data-id=\"2d4aea9\" data-element_type=\"widget\" data-e-type=\"widget\" data-widget_type=\"button.default\">\n\t\t\t\t<div class=\"elementor-widget-container\">\n\t\t\t\t\t\t\t\t\t<div class=\"elementor-button-wrapper\">\n\t\t\t\t\t<a class=\"elementor-button elementor-button-link elementor-size-sm\" href=\"https:\/\/kikartei.ch\/fr\/contact\/\">\n\t\t\t\t\t\t<span class=\"elementor-button-content-wrapper\">\n\t\t\t\t\t\t\t\t\t<span class=\"elementor-button-text\">Contactez-nous<\/span>\n\t\t\t\t\t<\/span>\n\t\t\t\t\t<\/a>\n\t\t\t\t<\/div>\n\t\t\t\t\t\t\t\t<\/div>\n\t\t\t\t<\/div>\n\t\t\t\t\t<\/div>\n\t\t<\/div>\n\t\t\t\t<div class=\"elementor-column elementor-col-33 elementor-top-column elementor-element elementor-element-a87ac3d\" data-id=\"a87ac3d\" data-element_type=\"column\" data-e-type=\"column\">\n\t\t\t<div class=\"elementor-widget-wrap elementor-element-populated\">\n\t\t\t\t\t\t<div class=\"elementor-element elementor-element-f673b8e elementor-button-info elementor-hidden-desktop elementor-hidden-tablet elementor-hidden-mobile elementor-widget elementor-widget-button\" data-id=\"f673b8e\" data-element_type=\"widget\" data-e-type=\"widget\" data-widget_type=\"button.default\">\n\t\t\t\t<div class=\"elementor-widget-container\">\n\t\t\t\t\t\t\t\t\t<div class=\"elementor-button-wrapper\">\n\t\t\t\t\t<a class=\"elementor-button elementor-button-link elementor-size-sm\" href=\"https:\/\/kikartei.ch\/fr\/contact\/\">\n\t\t\t\t\t\t<span class=\"elementor-button-content-wrapper\">\n\t\t\t\t\t\t\t\t\t<span class=\"elementor-button-text\">Contactez-nous<\/span>\n\t\t\t\t\t<\/span>\n\t\t\t\t\t<\/a>\n\t\t\t\t<\/div>\n\t\t\t\t\t\t\t\t<\/div>\n\t\t\t\t<\/div>\n\t\t\t\t\t<\/div>\n\t\t<\/div>\n\t\t\t\t<div class=\"elementor-column elementor-col-33 elementor-top-column elementor-element elementor-element-46d6823\" data-id=\"46d6823\" data-element_type=\"column\" data-e-type=\"column\">\n\t\t\t<div class=\"elementor-widget-wrap elementor-element-populated\">\n\t\t\t\t\t\t<div class=\"elementor-element elementor-element-c8fc92f elementor-widget elementor-widget-text-editor\" data-id=\"c8fc92f\" data-element_type=\"widget\" data-e-type=\"widget\" data-widget_type=\"text-editor.default\">\n\t\t\t\t<div class=\"elementor-widget-container\">\n\t\t\t\t\t\t\t\t\t<p style=\"text-align: left;\">Collaboration simplifi\u00e9e : <br \/>G\u00e9rez tous les documents de mani\u00e8re s\u00e9curis\u00e9e et claire<\/p>\n\t\t\t\t\t\t\t\t<\/div>\n\t\t\t\t<\/div>\n\t\t\t\t<div class=\"elementor-element elementor-element-bf2d9a6 elementor-button-info elementor-hidden-desktop elementor-hidden-tablet elementor-hidden-mobile elementor-widget elementor-widget-button\" data-id=\"bf2d9a6\" data-element_type=\"widget\" data-e-type=\"widget\" data-widget_type=\"button.default\">\n\t\t\t\t<div class=\"elementor-widget-container\">\n\t\t\t\t\t\t\t\t\t<div class=\"elementor-button-wrapper\">\n\t\t\t\t\t<a class=\"elementor-button elementor-button-link elementor-size-sm\" href=\"https:\/\/kikartei.ch\/fr\/contact\/\">\n\t\t\t\t\t\t<span class=\"elementor-button-content-wrapper\">\n\t\t\t\t\t\t\t\t\t<span class=\"elementor-button-text\">Contactez-nous<\/span>\n\t\t\t\t\t<\/span>\n\t\t\t\t\t<\/a>\n\t\t\t\t<\/div>\n\t\t\t\t\t\t\t\t<\/div>\n\t\t\t\t<\/div>\n\t\t\t\t\t<\/div>\n\t\t<\/div>\n\t\t\t\t\t<\/div>\n\t\t<\/section>\n\t\t\t\t<section class=\"elementor-section elementor-top-section elementor-element elementor-element-37c84be2 elementor-section-boxed elementor-section-height-default elementor-section-height-default\" data-id=\"37c84be2\" data-element_type=\"section\" data-e-type=\"section\">\n\t\t\t\t\t\t<div class=\"elementor-container elementor-column-gap-default\">\n\t\t\t\t\t<div class=\"elementor-column elementor-col-100 elementor-top-column elementor-element elementor-element-5e074c1c\" data-id=\"5e074c1c\" data-element_type=\"column\" data-e-type=\"column\">\n\t\t\t<div class=\"elementor-widget-wrap elementor-element-populated\">\n\t\t\t\t\t\t<div class=\"elementor-element elementor-element-2d7909d4 elementor-widget elementor-widget-text-editor\" data-id=\"2d7909d4\" data-element_type=\"widget\" data-e-type=\"widget\" data-widget_type=\"text-editor.default\">\n\t\t\t\t<div class=\"elementor-widget-container\">\n\t\t\t\t\t\t\t\t\t<p><strong><span style=\"font-size: 1.4em;\">Gestion de documents<\/span><\/strong><\/p>\n<p><span style=\"font-size: 16px;\">Un stockage central et s\u00e9curis\u00e9 des documents facilite grandement la coop\u00e9ration au sein de la paroisse. Souvent, de nombreuses personnes diff\u00e9rentes sont impliqu\u00e9es et souhaitent acc\u00e9der aux documents \u00e0 partir de diff\u00e9rents endroits. Gr\u00e2ce \u00e0 notre module compl\u00e9mentaire \u00ab Gestion documentaire \u00bb, vous pouvez stocker vos documents de mani\u00e8re centralis\u00e9e et s\u00e9curis\u00e9e.<\/span><\/p>\n<p>Vous pouvez d\u00e9terminer quels utilisateurs peuvent acc\u00e9der \u00e0 quels dossiers. Vous pouvez \u00e9galement restreindre si les utilisateurs peuvent uniquement lire les documents ou les modifier.<\/p>\n<p><strong>Gestion documentaire simplifi\u00e9e :<\/strong><\/p>\n<ul>\n<li>Cr\u00e9ation d\u2019une structure de dossiers<\/li>\n<li>Attribuer des droits d\u2019acc\u00e8s aux dossiers individuels<\/li>\n<li>D\u00e9poser des mod\u00e8les Word et Excel<\/li>\n<li>Glisser\/copier des dossiers\/documents existants de l\u2019Explorateur Windows vers Gestion de documents<\/li>\n<li>Ouvrir, modifier et enregistrer des documents pour que tous les documents soient toujours \u00e0 jour<\/li>\n<li>Fonction de recherche de termes dans les documents individuels<\/li>\n<\/ul>\n<p><strong>Collaboration simplifi\u00e9e :<\/strong><\/p>\n<ul>\n<li>Employ\u00e9s de la paroisse<\/li>\n<li>Membres de l\u2019administration de l\u2019\u00e9glise ou du conseil paroissial<\/li>\n<li>Coop\u00e9ration avec d\u2019autres paroisses<\/li>\n<li>Zone pastorale ou aum\u00f4nerie : stockage de fichiers pour projets communs<\/li>\n<li>Au sein de l\u2019\u00e9glise nationale<\/li>\n<\/ul>\n<p><strong>Site Web<br \/><\/strong> Gr\u00e2ce \u00e0 notre plugin, vous pouvez s\u00e9lectionner dans le module compl\u00e9mentaire les documents que vous souhaitez mettre \u00e0 disposition pour t\u00e9l\u00e9chargement sur votre propre site Web. Vous avez deux options: Public pour tous les visiteurs de votre site Web ainsi que dans la zone prot\u00e9g\u00e9e par mot de passe pour vos employ\u00e9s. Les documents Word s\u00e9lectionn\u00e9s peuvent \u00eatre convertis directement au format PDF.<\/p>\n\t\t\t\t\t\t\t\t<\/div>\n\t\t\t\t<\/div>\n\t\t\t\t\t<\/div>\n\t\t<\/div>\n\t\t\t\t\t<\/div>\n\t\t<\/section>\n\t\t\t\t<\/div>\n\t\t","protected":false},"excerpt":{"rendered":"<p>Contactez-nous Contactez-nous Collaboration simplifi\u00e9e : G\u00e9rez tous les documents de mani\u00e8re s\u00e9curis\u00e9e et claire Contactez-nous Gestion de documents Un stockage central et s\u00e9curis\u00e9 des documents facilite grandement la coop\u00e9ration au sein de la paroisse. Souvent, de nombreuses personnes diff\u00e9rentes sont impliqu\u00e9es et souhaitent acc\u00e9der aux documents \u00e0 partir de diff\u00e9rents endroits. Gr\u00e2ce \u00e0 notre module [&hellip;]<\/p>\n","protected":false},"author":1,"featured_media":0,"parent":4969,"menu_order":0,"comment_status":"closed","ping_status":"closed","template":"","meta":{"wp_popup_display_lightbox":0,"wp_popup_suppress":"","wp_popup_trigger":"","wp_popup_trigger_amount":0,"wp_popup_disable_on_mobile":false,"ocean_post_layout":"full-width","ocean_both_sidebars_style":"","ocean_both_sidebars_content_width":0,"ocean_both_sidebars_sidebars_width":0,"ocean_sidebar":"0","ocean_second_sidebar":"0","ocean_disable_margins":"enable","ocean_add_body_class":"","ocean_shortcode_before_top_bar":"","ocean_shortcode_after_top_bar":"","ocean_shortcode_before_header":"","ocean_shortcode_after_header":"","ocean_has_shortcode":"","ocean_shortcode_after_title":"","ocean_shortcode_before_footer_widgets":"","ocean_shortcode_after_footer_widgets":"","ocean_shortcode_before_footer_bottom":"","ocean_shortcode_after_footer_bottom":"","ocean_display_top_bar":"default","ocean_display_header":"default","ocean_header_style":"","ocean_center_header_left_menu":"0","ocean_custom_header_template":"0","ocean_custom_logo":0,"ocean_custom_retina_logo":0,"ocean_custom_logo_max_width":0,"ocean_custom_logo_tablet_max_width":0,"ocean_custom_logo_mobile_max_width":0,"ocean_custom_logo_max_height":0,"ocean_custom_logo_tablet_max_height":0,"ocean_custom_logo_mobile_max_height":0,"ocean_header_custom_menu":"0","ocean_menu_typo_font_family":"0","ocean_menu_typo_font_subset":"","ocean_menu_typo_font_size":0,"ocean_menu_typo_font_size_tablet":0,"ocean_menu_typo_font_size_mobile":0,"ocean_menu_typo_font_size_unit":"px","ocean_menu_typo_font_weight":"","ocean_menu_typo_font_weight_tablet":"","ocean_menu_typo_font_weight_mobile":"","ocean_menu_typo_transform":"","ocean_menu_typo_transform_tablet":"","ocean_menu_typo_transform_mobile":"","ocean_menu_typo_line_height":0,"ocean_menu_typo_line_height_tablet":0,"ocean_menu_typo_line_height_mobile":0,"ocean_menu_typo_line_height_unit":"","ocean_menu_typo_spacing":0,"ocean_menu_typo_spacing_tablet":0,"ocean_menu_typo_spacing_mobile":0,"ocean_menu_typo_spacing_unit":"","ocean_menu_link_color":"","ocean_menu_link_color_hover":"","ocean_menu_link_color_active":"","ocean_menu_link_background":"","ocean_menu_link_hover_background":"","ocean_menu_link_active_background":"","ocean_menu_social_links_bg":"","ocean_menu_social_hover_links_bg":"","ocean_menu_social_links_color":"","ocean_menu_social_hover_links_color":"","ocean_disable_title":"enable","ocean_disable_heading":"default","ocean_post_title":"","ocean_post_subheading":"","ocean_post_title_style":"","ocean_post_title_background_color":"","ocean_post_title_background":0,"ocean_post_title_bg_image_position":"","ocean_post_title_bg_image_attachment":"","ocean_post_title_bg_image_repeat":"","ocean_post_title_bg_image_size":"","ocean_post_title_height":0,"ocean_post_title_bg_overlay":0.5,"ocean_post_title_bg_overlay_color":"","ocean_disable_breadcrumbs":"default","ocean_breadcrumbs_color":"","ocean_breadcrumbs_separator_color":"","ocean_breadcrumbs_links_color":"","ocean_breadcrumbs_links_hover_color":"","ocean_display_footer_widgets":"default","ocean_display_footer_bottom":"default","ocean_custom_footer_template":"0","footnotes":""},"class_list":["post-4977","page","type-page","status-publish","hentry","entry"],"yoast_head":"<!-- This site is optimized with the Yoast SEO plugin v27.4 - https:\/\/yoast.com\/product\/yoast-seo-wordpress\/ -->\n<title>Gestion de documents - kikartei.ch - Kirchensoftware aus der Schweiz<\/title>\n<meta name=\"description\" content=\"KiKartei.ch - das Programm f\u00fcr einfache Pfarrei- und Kirchgemeindeverwaltung. Von KW-Software AG.\" \/>\n<meta name=\"robots\" content=\"index, follow, max-snippet:-1, max-image-preview:large, max-video-preview:-1\" \/>\n<link rel=\"canonical\" href=\"https:\/\/kikartei.ch\/fr\/modules-complementaires\/gestion-de-documents\/\" \/>\n<meta property=\"og:locale\" content=\"fr_FR\" \/>\n<meta property=\"og:type\" content=\"article\" \/>\n<meta property=\"og:title\" content=\"Gestion de documents - kikartei.ch - Kirchensoftware aus der Schweiz\" \/>\n<meta property=\"og:description\" content=\"KiKartei.ch - das Programm f\u00fcr einfache Pfarrei- und Kirchgemeindeverwaltung. Von KW-Software AG.\" \/>\n<meta property=\"og:url\" content=\"https:\/\/kikartei.ch\/fr\/modules-complementaires\/gestion-de-documents\/\" \/>\n<meta property=\"og:site_name\" content=\"kikartei.ch - Kirchensoftware aus der Schweiz\" \/>\n<meta property=\"article:modified_time\" content=\"2023-03-10T15:35:37+00:00\" \/>\n<meta name=\"twitter:card\" content=\"summary_large_image\" \/>\n<meta name=\"twitter:label1\" content=\"Dur\u00e9e de lecture estim\u00e9e\" \/>\n\t<meta name=\"twitter:data1\" content=\"1 minute\" \/>\n<script type=\"application\/ld+json\" class=\"yoast-schema-graph\">{\"@context\":\"https:\\\/\\\/schema.org\",\"@graph\":[{\"@type\":\"WebPage\",\"@id\":\"https:\\\/\\\/kikartei.ch\\\/fr\\\/modules-complementaires\\\/gestion-de-documents\\\/\",\"url\":\"https:\\\/\\\/kikartei.ch\\\/fr\\\/modules-complementaires\\\/gestion-de-documents\\\/\",\"name\":\"Gestion de documents - kikartei.ch - Kirchensoftware aus der Schweiz\",\"isPartOf\":{\"@id\":\"https:\\\/\\\/kikartei.ch\\\/#website\"},\"datePublished\":\"2023-03-10T15:35:36+00:00\",\"dateModified\":\"2023-03-10T15:35:37+00:00\",\"description\":\"KiKartei.ch - das Programm f\u00fcr einfache Pfarrei- und Kirchgemeindeverwaltung. Von KW-Software AG.\",\"breadcrumb\":{\"@id\":\"https:\\\/\\\/kikartei.ch\\\/fr\\\/modules-complementaires\\\/gestion-de-documents\\\/#breadcrumb\"},\"inLanguage\":\"fr-FR\",\"potentialAction\":[{\"@type\":\"ReadAction\",\"target\":[\"https:\\\/\\\/kikartei.ch\\\/fr\\\/modules-complementaires\\\/gestion-de-documents\\\/\"]}]},{\"@type\":\"BreadcrumbList\",\"@id\":\"https:\\\/\\\/kikartei.ch\\\/fr\\\/modules-complementaires\\\/gestion-de-documents\\\/#breadcrumb\",\"itemListElement\":[{\"@type\":\"ListItem\",\"position\":1,\"name\":\"Home\",\"item\":\"https:\\\/\\\/kikartei.ch\\\/\"},{\"@type\":\"ListItem\",\"position\":2,\"name\":\"Modules compl\u00e9mentaires\",\"item\":\"https:\\\/\\\/kikartei.ch\\\/fr\\\/modules-complementaires\\\/\"},{\"@type\":\"ListItem\",\"position\":3,\"name\":\"Gestion de documents\"}]},{\"@type\":\"WebSite\",\"@id\":\"https:\\\/\\\/kikartei.ch\\\/#website\",\"url\":\"https:\\\/\\\/kikartei.ch\\\/\",\"name\":\"kikartei.ch - Kirchensoftware aus der Schweiz\",\"description\":\"Pfarramtsf\u00fchrung war noch nie so einfach\",\"publisher\":{\"@id\":\"https:\\\/\\\/kikartei.ch\\\/#organization\"},\"potentialAction\":[{\"@type\":\"SearchAction\",\"target\":{\"@type\":\"EntryPoint\",\"urlTemplate\":\"https:\\\/\\\/kikartei.ch\\\/?s={search_term_string}\"},\"query-input\":{\"@type\":\"PropertyValueSpecification\",\"valueRequired\":true,\"valueName\":\"search_term_string\"}}],\"inLanguage\":\"fr-FR\"},{\"@type\":\"Organization\",\"@id\":\"https:\\\/\\\/kikartei.ch\\\/#organization\",\"name\":\"KiKartei.ch\",\"url\":\"https:\\\/\\\/kikartei.ch\\\/\",\"logo\":{\"@type\":\"ImageObject\",\"inLanguage\":\"fr-FR\",\"@id\":\"https:\\\/\\\/kikartei.ch\\\/#\\\/schema\\\/logo\\\/image\\\/\",\"url\":\"https:\\\/\\\/kikartei.ch\\\/wp-content\\\/uploads\\\/2020\\\/08\\\/kikartei_Logo_text.png\",\"contentUrl\":\"https:\\\/\\\/kikartei.ch\\\/wp-content\\\/uploads\\\/2020\\\/08\\\/kikartei_Logo_text.png\",\"width\":1614,\"height\":679,\"caption\":\"KiKartei.ch\"},\"image\":{\"@id\":\"https:\\\/\\\/kikartei.ch\\\/#\\\/schema\\\/logo\\\/image\\\/\"}}]}<\/script>\n<!-- \/ Yoast SEO plugin. -->","yoast_head_json":{"title":"Gestion de documents - kikartei.ch - Kirchensoftware aus der Schweiz","description":"KiKartei.ch - das Programm f\u00fcr einfache Pfarrei- und Kirchgemeindeverwaltung. Von KW-Software AG.","robots":{"index":"index","follow":"follow","max-snippet":"max-snippet:-1","max-image-preview":"max-image-preview:large","max-video-preview":"max-video-preview:-1"},"canonical":"https:\/\/kikartei.ch\/fr\/modules-complementaires\/gestion-de-documents\/","og_locale":"fr_FR","og_type":"article","og_title":"Gestion de documents - kikartei.ch - Kirchensoftware aus der Schweiz","og_description":"KiKartei.ch - das Programm f\u00fcr einfache Pfarrei- und Kirchgemeindeverwaltung. Von KW-Software AG.","og_url":"https:\/\/kikartei.ch\/fr\/modules-complementaires\/gestion-de-documents\/","og_site_name":"kikartei.ch - Kirchensoftware aus der Schweiz","article_modified_time":"2023-03-10T15:35:37+00:00","twitter_card":"summary_large_image","twitter_misc":{"Dur\u00e9e de lecture estim\u00e9e":"1 minute"},"schema":{"@context":"https:\/\/schema.org","@graph":[{"@type":"WebPage","@id":"https:\/\/kikartei.ch\/fr\/modules-complementaires\/gestion-de-documents\/","url":"https:\/\/kikartei.ch\/fr\/modules-complementaires\/gestion-de-documents\/","name":"Gestion de documents - kikartei.ch - Kirchensoftware aus der Schweiz","isPartOf":{"@id":"https:\/\/kikartei.ch\/#website"},"datePublished":"2023-03-10T15:35:36+00:00","dateModified":"2023-03-10T15:35:37+00:00","description":"KiKartei.ch - das Programm f\u00fcr einfache Pfarrei- und Kirchgemeindeverwaltung. Von KW-Software AG.","breadcrumb":{"@id":"https:\/\/kikartei.ch\/fr\/modules-complementaires\/gestion-de-documents\/#breadcrumb"},"inLanguage":"fr-FR","potentialAction":[{"@type":"ReadAction","target":["https:\/\/kikartei.ch\/fr\/modules-complementaires\/gestion-de-documents\/"]}]},{"@type":"BreadcrumbList","@id":"https:\/\/kikartei.ch\/fr\/modules-complementaires\/gestion-de-documents\/#breadcrumb","itemListElement":[{"@type":"ListItem","position":1,"name":"Home","item":"https:\/\/kikartei.ch\/"},{"@type":"ListItem","position":2,"name":"Modules compl\u00e9mentaires","item":"https:\/\/kikartei.ch\/fr\/modules-complementaires\/"},{"@type":"ListItem","position":3,"name":"Gestion de documents"}]},{"@type":"WebSite","@id":"https:\/\/kikartei.ch\/#website","url":"https:\/\/kikartei.ch\/","name":"kikartei.ch - Kirchensoftware aus der Schweiz","description":"Pfarramtsf\u00fchrung war noch nie so einfach","publisher":{"@id":"https:\/\/kikartei.ch\/#organization"},"potentialAction":[{"@type":"SearchAction","target":{"@type":"EntryPoint","urlTemplate":"https:\/\/kikartei.ch\/?s={search_term_string}"},"query-input":{"@type":"PropertyValueSpecification","valueRequired":true,"valueName":"search_term_string"}}],"inLanguage":"fr-FR"},{"@type":"Organization","@id":"https:\/\/kikartei.ch\/#organization","name":"KiKartei.ch","url":"https:\/\/kikartei.ch\/","logo":{"@type":"ImageObject","inLanguage":"fr-FR","@id":"https:\/\/kikartei.ch\/#\/schema\/logo\/image\/","url":"https:\/\/kikartei.ch\/wp-content\/uploads\/2020\/08\/kikartei_Logo_text.png","contentUrl":"https:\/\/kikartei.ch\/wp-content\/uploads\/2020\/08\/kikartei_Logo_text.png","width":1614,"height":679,"caption":"KiKartei.ch"},"image":{"@id":"https:\/\/kikartei.ch\/#\/schema\/logo\/image\/"}}]}},"_links":{"self":[{"href":"https:\/\/kikartei.ch\/fr\/wp-json\/wp\/v2\/pages\/4977","targetHints":{"allow":["GET"]}}],"collection":[{"href":"https:\/\/kikartei.ch\/fr\/wp-json\/wp\/v2\/pages"}],"about":[{"href":"https:\/\/kikartei.ch\/fr\/wp-json\/wp\/v2\/types\/page"}],"author":[{"embeddable":true,"href":"https:\/\/kikartei.ch\/fr\/wp-json\/wp\/v2\/users\/1"}],"replies":[{"embeddable":true,"href":"https:\/\/kikartei.ch\/fr\/wp-json\/wp\/v2\/comments?post=4977"}],"version-history":[{"count":1,"href":"https:\/\/kikartei.ch\/fr\/wp-json\/wp\/v2\/pages\/4977\/revisions"}],"predecessor-version":[{"id":4978,"href":"https:\/\/kikartei.ch\/fr\/wp-json\/wp\/v2\/pages\/4977\/revisions\/4978"}],"up":[{"embeddable":true,"href":"https:\/\/kikartei.ch\/fr\/wp-json\/wp\/v2\/pages\/4969"}],"wp:attachment":[{"href":"https:\/\/kikartei.ch\/fr\/wp-json\/wp\/v2\/media?parent=4977"}],"curies":[{"name":"wp","href":"https:\/\/api.w.org\/{rel}","templated":true}]}}