{"id":4923,"date":"2023-03-10T11:42:24","date_gmt":"2023-03-10T10:42:24","guid":{"rendered":"https:\/\/kikartei.ch\/formation\/formation-individuelle-2\/"},"modified":"2023-03-10T11:42:24","modified_gmt":"2023-03-10T10:42:24","slug":"formation-individuelle-2","status":"publish","type":"page","link":"https:\/\/kikartei.ch\/fr\/formation\/formation-individuelle-2\/","title":{"rendered":"Formation individuelle"},"content":{"rendered":"\t\t<div data-elementor-type=\"wp-page\" data-elementor-id=\"4923\" class=\"elementor elementor-4923 elementor-3211\">\n\t\t\t\t\t\t<section class=\"elementor-section elementor-top-section elementor-element elementor-element-44c4de06 elementor-section-boxed elementor-section-height-default elementor-section-height-default\" data-id=\"44c4de06\" data-element_type=\"section\" data-e-type=\"section\">\n\t\t\t\t\t\t<div class=\"elementor-container elementor-column-gap-default\">\n\t\t\t\t\t<div class=\"elementor-column elementor-col-100 elementor-top-column elementor-element elementor-element-23fe615e\" data-id=\"23fe615e\" data-element_type=\"column\" data-e-type=\"column\">\n\t\t\t<div class=\"elementor-widget-wrap elementor-element-populated\">\n\t\t\t\t\t\t\t<\/div>\n\t\t<\/div>\n\t\t\t\t\t<\/div>\n\t\t<\/section>\n\t\t\t\t<section class=\"elementor-section elementor-top-section elementor-element elementor-element-cab28d2 elementor-section-boxed elementor-section-height-default elementor-section-height-default\" data-id=\"cab28d2\" data-element_type=\"section\" data-e-type=\"section\">\n\t\t\t\t\t\t<div class=\"elementor-container elementor-column-gap-default\">\n\t\t\t\t\t<div class=\"elementor-column elementor-col-100 elementor-top-column elementor-element elementor-element-a9eba5d\" data-id=\"a9eba5d\" data-element_type=\"column\" data-e-type=\"column\">\n\t\t\t<div class=\"elementor-widget-wrap elementor-element-populated\">\n\t\t\t\t\t\t<div class=\"elementor-element elementor-element-050724c elementor-widget elementor-widget-wpforms\" data-id=\"050724c\" data-element_type=\"widget\" data-e-type=\"widget\" data-widget_type=\"wpforms.default\">\n\t\t\t\t<div class=\"elementor-widget-container\">\n\t\t\t\t\t<div class=\"wpforms-container wpforms-container-full\" id=\"wpforms-1853\"><form id=\"wpforms-form-1853\" class=\"wpforms-validate wpforms-form\" data-formid=\"1853\" method=\"post\" enctype=\"multipart\/form-data\" action=\"\/fr\/wp-json\/wp\/v2\/pages\/4923\" data-token=\"98ffe2a4bead92f05b38d36342958f57\" data-token-time=\"1777041482\"><div class=\"wpforms-head-container\"><div class=\"wpforms-description\">Si vous souhaitez une formation uniquement pour votre paroisse, unit\u00e9 pastorale ou salle pastorale, nous serons heureux de convenir d\u2019un rendez-vous avec vous. Choisissez si vous souhaitez que nous venions sur votre site ou si vous souhaitez utiliser l\u2019une de nos offres standard. Avec cette variante, nous r\u00e9pondons sp\u00e9cifiquement \u00e0 vos besoins et souhaits et travaillons exclusivement avec vos donn\u00e9es KiKartei pendant la formation. Nous vous contacterons et vous ferons une offre.\n<br>\n<br>\n<b>Frais d\u2019annulation: <\/b> <br>\nA partir de 7 jours avant le d\u00e9but du cours: 50% du prix du cours<br>\nA partir de 72 h avant le d\u00e9but du cours: 100% du prix du cours<br>\nL\u2019annulation doit \u00eatre faite par \u00e9crit dans tous les cas.<br>\n<br><br><\/div><\/div><noscript class=\"wpforms-error-noscript\">Veuillez activer JavaScript dans votre navigateur pour remplir ce formulaire.<\/noscript><div class=\"wpforms-field-container\"><div id=\"wpforms-1853-field_0-container\" class=\"wpforms-field wpforms-field-name\" data-field-id=\"0\"><label class=\"wpforms-field-label\">Nom <span class=\"wpforms-required-label\">*<\/span><\/label><div class=\"wpforms-field-row wpforms-field-medium\"><div class=\"wpforms-field-row-block wpforms-first wpforms-one-half\"><input type=\"text\" id=\"wpforms-1853-field_0\" class=\"wpforms-field-name-first wpforms-field-required\" name=\"wpforms[fields][0][first]\" required><label for=\"wpforms-1853-field_0\" class=\"wpforms-field-sublabel after\">Vorname<\/label><\/div><div class=\"wpforms-field-row-block wpforms-one-half\"><input type=\"text\" id=\"wpforms-1853-field_0-last\" class=\"wpforms-field-name-last wpforms-field-required\" name=\"wpforms[fields][0][last]\" required><label for=\"wpforms-1853-field_0-last\" class=\"wpforms-field-sublabel after\">Nachname<\/label><\/div><\/div><\/div><div id=\"wpforms-1853-field_20-container\" class=\"wpforms-field wpforms-field-name\" data-field-id=\"20\"><label class=\"wpforms-field-label\" for=\"wpforms-1853-field_20\">Nom Paroisse <span class=\"wpforms-required-label\">*<\/span><\/label><input type=\"text\" id=\"wpforms-1853-field_20\" class=\"wpforms-field-medium wpforms-field-required\" name=\"wpforms[fields][20]\" required><\/div><div id=\"wpforms-1853-field_3-container\" class=\"wpforms-field wpforms-field-select wpforms-field-select-style-classic\" data-field-id=\"3\"><label class=\"wpforms-field-label\" for=\"wpforms-1853-field_3\">Canton <span class=\"wpforms-required-label\">*<\/span><\/label><select id=\"wpforms-1853-field_3\" class=\"wpforms-field-medium wpforms-field-required\" name=\"wpforms[fields][3]\" required=\"required\"><option value=\"\" class=\"placeholder\" disabled  selected='selected'>Veuillez s\u00e9lectionner...<\/option><option value=\"Argovie\"  class=\"choice-4 depth-1\"  >Argovie<\/option><option value=\"Appenzell Rhodes-Ext\u00e9rieures\"  class=\"choice-5 depth-1\"  >Appenzell Rhodes-Ext\u00e9rieures<\/option><option value=\"Appenzell Rhodes-Int\u00e9rieures\"  class=\"choice-6 depth-1\"  >Appenzell Rhodes-Int\u00e9rieures<\/option><option value=\"B\u00e2le-Campagne\"  class=\"choice-7 depth-1\"  >B\u00e2le-Campagne<\/option><option value=\"B\u00e2le-Ville\"  class=\"choice-8 depth-1\"  >B\u00e2le-Ville<\/option><option value=\"Berne\"  class=\"choice-9 depth-1\"  >Berne<\/option><option value=\"Fribourg\"  class=\"choice-10 depth-1\"  >Fribourg<\/option><option value=\"Gen\u00e8ve\"  class=\"choice-11 depth-1\"  >Gen\u00e8ve<\/option><option value=\"Glaris\"  class=\"choice-12 depth-1\"  >Glaris<\/option><option value=\"Grisons\"  class=\"choice-13 depth-1\"  >Grisons<\/option><option value=\"Jura\"  class=\"choice-14 depth-1\"  >Jura<\/option><option value=\"Lucerne\"  class=\"choice-15 depth-1\"  >Lucerne<\/option><option value=\"Neuch\u00e2tel\"  class=\"choice-16 depth-1\"  >Neuch\u00e2tel<\/option><option value=\"Nidwald\"  class=\"choice-17 depth-1\"  >Nidwald<\/option><option value=\"Obwalden\"  class=\"choice-18 depth-1\"  >Obwalden<\/option><option value=\"Saint-Gall\"  class=\"choice-19 depth-1\"  >Saint-Gall<\/option><option value=\"Schaffhouse\"  class=\"choice-20 depth-1\"  >Schaffhouse<\/option><option value=\"Schwytz\"  class=\"choice-21 depth-1\"  >Schwytz<\/option><option value=\"Soleure\"  class=\"choice-22 depth-1\"  >Soleure<\/option><option value=\"Tessin\"  class=\"choice-23 depth-1\"  >Tessin<\/option><option value=\"Thurgovie\"  class=\"choice-24 depth-1\"  >Thurgovie<\/option><option value=\"Uri\"  class=\"choice-25 depth-1\"  >Uri<\/option><option value=\"Vaud\"  class=\"choice-26 depth-1\"  >Vaud<\/option><option value=\"Valais\"  class=\"choice-27 depth-1\"  >Valais<\/option><option value=\"Zurich\"  class=\"choice-28 depth-1\"  >Zurich<\/option><option value=\"Zug\"  class=\"choice-29 depth-1\"  >Zug<\/option><\/select><\/div><div id=\"wpforms-1853-field_1-container\" class=\"wpforms-field wpforms-field-email\" data-field-id=\"1\"><label class=\"wpforms-field-label\" for=\"wpforms-1853-field_1\">e-mail <span class=\"wpforms-required-label\">*<\/span><\/label><input type=\"email\" id=\"wpforms-1853-field_1\" class=\"wpforms-field-medium wpforms-field-required\" name=\"wpforms[fields][1]\" spellcheck=\"false\" required><\/div><div id=\"wpforms-1853-field_10-container\" class=\"wpforms-field wpforms-field-text\" data-field-id=\"10\"><label class=\"wpforms-field-label\" for=\"wpforms-1853-field_10\">T\u00e9l\u00e9phone pour les questions <span class=\"wpforms-required-label\">*<\/span><\/label><input type=\"text\" id=\"wpforms-1853-field_10\" class=\"wpforms-field-medium wpforms-field-required\" name=\"wpforms[fields][10]\" required><\/div><div id=\"wpforms-1853-field_5-container\" class=\"wpforms-field wpforms-field-select wpforms-field-select-style-classic\" data-field-id=\"5\"><label class=\"wpforms-field-label\" for=\"wpforms-1853-field_5\">Formation <span class=\"wpforms-required-label\">*<\/span><\/label><select id=\"wpforms-1853-field_5\" class=\"wpforms-field-medium wpforms-field-required\" name=\"wpforms[fields][5]\" required=\"required\"><option value=\"\" class=\"placeholder\" disabled  selected='selected'>Veuillez s\u00e9lectionner...<\/option><option value=\"sur place\"  class=\"choice-4 depth-1\"  >sur place<\/option><option value=\"\u00e0 Kleind\u00f6ttingen\"  class=\"choice-5 depth-1\"  >\u00e0 Kleind\u00f6ttingen<\/option><option value=\"en ligne\"  class=\"choice-6 depth-1\"  >en ligne<\/option><\/select><\/div><div id=\"wpforms-1853-field_6-container\" class=\"wpforms-field wpforms-field-select wpforms-field-select-style-classic\" data-field-id=\"6\"><label class=\"wpforms-field-label\" for=\"wpforms-1853-field_6\">Offre de formation <span class=\"wpforms-required-label\">*<\/span><\/label><select id=\"wpforms-1853-field_6\" class=\"wpforms-field-medium wpforms-field-required\" name=\"wpforms[fields][6]\" required=\"required\"><option value=\"Cours de base\"  class=\"choice-4 depth-1\"  >Cours de base<\/option><option value=\"Cours d&#039;approfondissement\"  class=\"choice-5 depth-1\"  >Cours d'approfondissement<\/option><option value=\"Gestion des cours\"  class=\"choice-6 depth-1\"  >Gestion des cours<\/option><option value=\"Administration des salles\"  class=\"choice-7 depth-1\"  >Administration des salles<\/option><option value=\"Site Web\"  class=\"choice-8 depth-1\"  >Site Web<\/option><option value=\"Enregistrement du temps de travail\"  class=\"choice-9 depth-1\"  >Enregistrement du temps de travail<\/option><option value=\"Services sociaux\"  class=\"choice-10 depth-1\"  >Services sociaux<\/option><option value=\"Gestion des dons\"  class=\"choice-11 depth-1\"  >Gestion des dons<\/option><option value=\"Export aus der KiKartei\"  class=\"choice-13 depth-1\"  >Export aus der KiKartei<\/option><option value=\"Formularvorlagen Formulareditor\"  class=\"choice-14 depth-1\"  >Formularvorlagen Formulareditor<\/option><option value=\"Gruppen und Ansichten\"  class=\"choice-15 depth-1\"  >Gruppen und Ansichten<\/option><option value=\"Personendaten verwalten\"  class=\"choice-16 depth-1\"  >Personendaten verwalten<\/option><option value=\"autre\"  class=\"choice-12 depth-1\"  >autre<\/option><\/select><\/div><div id=\"wpforms-1853-field_9-container\" class=\"wpforms-field wpforms-field-text\" data-field-id=\"9\"><label class=\"wpforms-field-label\" for=\"wpforms-1853-field_9\">Nombre de participants pr\u00e9vu<\/label><input type=\"text\" id=\"wpforms-1853-field_9\" class=\"wpforms-field-medium\" name=\"wpforms[fields][9]\" ><\/div><div id=\"wpforms-1853-field_14-container\" class=\"wpforms-field wpforms-field-text\" data-field-id=\"14\"><label class=\"wpforms-field-label\" for=\"wpforms-1853-field_14\">Dates de formation souhait\u00e9es (au moins 3 suggestions)<\/label><input type=\"text\" id=\"wpforms-1853-field_14\" class=\"wpforms-field-medium\" name=\"wpforms[fields][14]\" ><\/div><div id=\"wpforms-1853-field_2-container\" class=\"wpforms-field wpforms-field-textarea\" data-field-id=\"2\"><label class=\"wpforms-field-label\" for=\"wpforms-1853-field_2\">Remarques <span class=\"wpforms-required-label\">*<\/span><\/label><textarea id=\"wpforms-1853-field_2\" class=\"wpforms-field-medium wpforms-field-required\" name=\"wpforms[fields][2]\" required><\/textarea><\/div><div id=\"wpforms-1853-field_19-container\" class=\"wpforms-field wpforms-field-checkbox\" data-field-id=\"19\"><label class=\"wpforms-field-label\">AGB <span class=\"wpforms-required-label\">*<\/span><\/label><ul id=\"wpforms-1853-field_19\" class=\"wpforms-field-required\"><li class=\"choice-1 depth-1\"><input type=\"checkbox\" id=\"wpforms-1853-field_19_1\" name=\"wpforms[fields][19][]\" value=\" J\u2019accepte les termes et conditions et pr\u00e9cise que les donn\u00e9es re\u00e7ues seront trait\u00e9es conform\u00e9ment \u00e0 la politique de confidentialit\u00e9.\" required ><label class=\"wpforms-field-label-inline\" for=\"wpforms-1853-field_19_1\">J\u2019accepte les termes et conditions et pr\u00e9cise que les donn\u00e9es re\u00e7ues seront trait\u00e9es conform\u00e9ment \u00e0 la politique de confidentialit\u00e9.<\/label><\/li><\/ul><\/div><\/div><!-- .wpforms-field-container --><div class=\"wpforms-field wpforms-field-hp\"><label for=\"wpforms-1853-field-hp\" class=\"wpforms-field-label\">Email<\/label><input type=\"text\" name=\"wpforms[hp]\" id=\"wpforms-1853-field-hp\" class=\"wpforms-field-medium\"><\/div><div class=\"wpforms-submit-container\" ><input type=\"hidden\" name=\"wpforms[id]\" value=\"1853\"><input type=\"hidden\" name=\"page_title\" value=\"\"><input type=\"hidden\" name=\"page_url\" value=\"https:\/\/kikartei.ch\/fr\/wp-json\/wp\/v2\/pages\/4923\"><input type=\"hidden\" name=\"url_referer\" value=\"\">\t\t<div id=\"cf-turnstile-wpf-1290579283\"\r\n\t\tclass=\"cf-turnstile\" \t\tdata-sitekey=\"0x4AAAAAAANCzzs2115c9Xj7\"\r\n\t\tdata-theme=\"light\"\r\n\t\tdata-language=\"auto\"\r\n\t\tdata-size=\"\"\r\n\t\tdata-retry=\"auto\" data-retry-interval=\"1000\"\r\n\t\tdata-refresh-expired=\"auto\"\r\n\t\tdata-refresh-timeout=\"auto\"\r\n\t\tdata-action=\"wpforms-1853\"\r\n\t\tdata-callback=\"turnstileWPFCallback\"\r\n\t\t\t\tdata-appearance=\"interaction-only\"><\/div>\r\n\t\t\t<script>document.addEventListener(\"DOMContentLoaded\", function() { setTimeout(function(){ var e=document.getElementById(\"cf-turnstile-wpf-1290579283\"); if(e&&!e.innerHTML.trim()){turnstile.render(e, {sitekey:\"0x4AAAAAAANCzzs2115c9Xj7\"});} }, 200); });<\/script>\r\n\t\t\t<style>#cf-turnstile-wpf-1290579283 iframe { margin-bottom: 15px; }<\/style>\r\n\t\t\t\t<style>#cf-turnstile-wpf-1290579283 { margin-left: -15px; }<\/style>\r\n\t\t<button type=\"submit\" name=\"wpforms[submit]\" id=\"wpforms-submit-1853\" class=\"wpforms-submit\" data-alt-text=\"Envoyer\" data-submit-text=\"Envoyer une demande\" aria-live=\"assertive\" value=\"wpforms-submit\">Envoyer une demande<\/button><\/div><\/form><\/div>  <!-- .wpforms-container -->\t\t\t\t<\/div>\n\t\t\t\t<\/div>\n\t\t\t\t\t<\/div>\n\t\t<\/div>\n\t\t\t\t\t<\/div>\n\t\t<\/section>\n\t\t\t\t<\/div>\n\t\t","protected":false},"excerpt":{"rendered":"","protected":false},"author":1,"featured_media":0,"parent":2343,"menu_order":0,"comment_status":"closed","ping_status":"closed","template":"","meta":{"wp_popup_display_lightbox":0,"wp_popup_suppress":"","wp_popup_trigger":"","wp_popup_trigger_amount":0,"wp_popup_disable_on_mobile":false,"ocean_post_layout":"","ocean_both_sidebars_style":"","ocean_both_sidebars_content_width":0,"ocean_both_sidebars_sidebars_width":0,"ocean_sidebar":"0","ocean_second_sidebar":"0","ocean_disable_margins":"enable","ocean_add_body_class":"","ocean_shortcode_before_top_bar":"","ocean_shortcode_after_top_bar":"","ocean_shortcode_before_header":"","ocean_shortcode_after_header":"","ocean_has_shortcode":"","ocean_shortcode_after_title":"","ocean_shortcode_before_footer_widgets":"","ocean_shortcode_after_footer_widgets":"","ocean_shortcode_before_footer_bottom":"","ocean_shortcode_after_footer_bottom":"","ocean_display_top_bar":"default","ocean_display_header":"default","ocean_header_style":"","ocean_center_header_left_menu":"0","ocean_custom_header_template":"0","ocean_custom_logo":0,"ocean_custom_retina_logo":0,"ocean_custom_logo_max_width":0,"ocean_custom_logo_tablet_max_width":0,"ocean_custom_logo_mobile_max_width":0,"ocean_custom_logo_max_height":0,"ocean_custom_logo_tablet_max_height":0,"ocean_custom_logo_mobile_max_height":0,"ocean_header_custom_menu":"0","ocean_menu_typo_font_family":"0","ocean_menu_typo_font_subset":"","ocean_menu_typo_font_size":0,"ocean_menu_typo_font_size_tablet":0,"ocean_menu_typo_font_size_mobile":0,"ocean_menu_typo_font_size_unit":"px","ocean_menu_typo_font_weight":"","ocean_menu_typo_font_weight_tablet":"","ocean_menu_typo_font_weight_mobile":"","ocean_menu_typo_transform":"","ocean_menu_typo_transform_tablet":"","ocean_menu_typo_transform_mobile":"","ocean_menu_typo_line_height":0,"ocean_menu_typo_line_height_tablet":0,"ocean_menu_typo_line_height_mobile":0,"ocean_menu_typo_line_height_unit":"","ocean_menu_typo_spacing":0,"ocean_menu_typo_spacing_tablet":0,"ocean_menu_typo_spacing_mobile":0,"ocean_menu_typo_spacing_unit":"","ocean_menu_link_color":"","ocean_menu_link_color_hover":"","ocean_menu_link_color_active":"","ocean_menu_link_background":"","ocean_menu_link_hover_background":"","ocean_menu_link_active_background":"","ocean_menu_social_links_bg":"","ocean_menu_social_hover_links_bg":"","ocean_menu_social_links_color":"","ocean_menu_social_hover_links_color":"","ocean_disable_title":"default","ocean_disable_heading":"default","ocean_post_title":"","ocean_post_subheading":"","ocean_post_title_style":"","ocean_post_title_background_color":"","ocean_post_title_background":0,"ocean_post_title_bg_image_position":"","ocean_post_title_bg_image_attachment":"","ocean_post_title_bg_image_repeat":"","ocean_post_title_bg_image_size":"","ocean_post_title_height":0,"ocean_post_title_bg_overlay":0.5,"ocean_post_title_bg_overlay_color":"","ocean_disable_breadcrumbs":"default","ocean_breadcrumbs_color":"","ocean_breadcrumbs_separator_color":"","ocean_breadcrumbs_links_color":"","ocean_breadcrumbs_links_hover_color":"","ocean_display_footer_widgets":"default","ocean_display_footer_bottom":"default","ocean_custom_footer_template":"0","footnotes":""},"class_list":["post-4923","page","type-page","status-publish","hentry","entry"],"yoast_head":"<!-- This site is optimized with the Yoast SEO plugin v27.4 - https:\/\/yoast.com\/product\/yoast-seo-wordpress\/ -->\n<title>Formation individuelle - kikartei.ch - Kirchensoftware aus der Schweiz<\/title>\n<meta name=\"description\" content=\"KiKartei.ch - das Programm f\u00fcr einfache Pfarrei- und Kirchgemeindeverwaltung. Von KW-Software AG.\" \/>\n<meta name=\"robots\" content=\"index, follow, max-snippet:-1, max-image-preview:large, max-video-preview:-1\" \/>\n<link rel=\"canonical\" href=\"https:\/\/kikartei.ch\/fr\/formation\/formation-individuelle-2\/\" \/>\n<meta property=\"og:locale\" content=\"fr_FR\" \/>\n<meta property=\"og:type\" content=\"article\" \/>\n<meta property=\"og:title\" content=\"Formation individuelle - kikartei.ch - Kirchensoftware aus der Schweiz\" \/>\n<meta property=\"og:description\" content=\"KiKartei.ch - das Programm f\u00fcr einfache Pfarrei- und Kirchgemeindeverwaltung. Von KW-Software AG.\" \/>\n<meta property=\"og:url\" content=\"https:\/\/kikartei.ch\/fr\/formation\/formation-individuelle-2\/\" \/>\n<meta property=\"og:site_name\" content=\"kikartei.ch - Kirchensoftware aus der Schweiz\" \/>\n<meta name=\"twitter:card\" content=\"summary_large_image\" \/>\n<script type=\"application\/ld+json\" class=\"yoast-schema-graph\">{\"@context\":\"https:\\\/\\\/schema.org\",\"@graph\":[{\"@type\":\"WebPage\",\"@id\":\"https:\\\/\\\/kikartei.ch\\\/fr\\\/formation\\\/formation-individuelle-2\\\/\",\"url\":\"https:\\\/\\\/kikartei.ch\\\/fr\\\/formation\\\/formation-individuelle-2\\\/\",\"name\":\"Formation individuelle - kikartei.ch - Kirchensoftware aus der Schweiz\",\"isPartOf\":{\"@id\":\"https:\\\/\\\/kikartei.ch\\\/#website\"},\"datePublished\":\"2023-03-10T10:42:24+00:00\",\"description\":\"KiKartei.ch - das Programm f\u00fcr einfache Pfarrei- und Kirchgemeindeverwaltung. Von KW-Software AG.\",\"breadcrumb\":{\"@id\":\"https:\\\/\\\/kikartei.ch\\\/fr\\\/formation\\\/formation-individuelle-2\\\/#breadcrumb\"},\"inLanguage\":\"fr-FR\",\"potentialAction\":[{\"@type\":\"ReadAction\",\"target\":[\"https:\\\/\\\/kikartei.ch\\\/fr\\\/formation\\\/formation-individuelle-2\\\/\"]}]},{\"@type\":\"BreadcrumbList\",\"@id\":\"https:\\\/\\\/kikartei.ch\\\/fr\\\/formation\\\/formation-individuelle-2\\\/#breadcrumb\",\"itemListElement\":[{\"@type\":\"ListItem\",\"position\":1,\"name\":\"Home\",\"item\":\"https:\\\/\\\/kikartei.ch\\\/\"},{\"@type\":\"ListItem\",\"position\":2,\"name\":\"Formation\",\"item\":\"https:\\\/\\\/kikartei.ch\\\/fr\\\/formation\\\/\"},{\"@type\":\"ListItem\",\"position\":3,\"name\":\"Formation individuelle\"}]},{\"@type\":\"WebSite\",\"@id\":\"https:\\\/\\\/kikartei.ch\\\/#website\",\"url\":\"https:\\\/\\\/kikartei.ch\\\/\",\"name\":\"kikartei.ch - Kirchensoftware aus der Schweiz\",\"description\":\"Pfarramtsf\u00fchrung war noch nie so einfach\",\"publisher\":{\"@id\":\"https:\\\/\\\/kikartei.ch\\\/#organization\"},\"potentialAction\":[{\"@type\":\"SearchAction\",\"target\":{\"@type\":\"EntryPoint\",\"urlTemplate\":\"https:\\\/\\\/kikartei.ch\\\/?s={search_term_string}\"},\"query-input\":{\"@type\":\"PropertyValueSpecification\",\"valueRequired\":true,\"valueName\":\"search_term_string\"}}],\"inLanguage\":\"fr-FR\"},{\"@type\":\"Organization\",\"@id\":\"https:\\\/\\\/kikartei.ch\\\/#organization\",\"name\":\"KiKartei.ch\",\"url\":\"https:\\\/\\\/kikartei.ch\\\/\",\"logo\":{\"@type\":\"ImageObject\",\"inLanguage\":\"fr-FR\",\"@id\":\"https:\\\/\\\/kikartei.ch\\\/#\\\/schema\\\/logo\\\/image\\\/\",\"url\":\"https:\\\/\\\/kikartei.ch\\\/wp-content\\\/uploads\\\/2020\\\/08\\\/kikartei_Logo_text.png\",\"contentUrl\":\"https:\\\/\\\/kikartei.ch\\\/wp-content\\\/uploads\\\/2020\\\/08\\\/kikartei_Logo_text.png\",\"width\":1614,\"height\":679,\"caption\":\"KiKartei.ch\"},\"image\":{\"@id\":\"https:\\\/\\\/kikartei.ch\\\/#\\\/schema\\\/logo\\\/image\\\/\"}}]}<\/script>\n<!-- \/ Yoast SEO plugin. -->","yoast_head_json":{"title":"Formation individuelle - kikartei.ch - Kirchensoftware aus der Schweiz","description":"KiKartei.ch - das Programm f\u00fcr einfache Pfarrei- und Kirchgemeindeverwaltung. Von KW-Software AG.","robots":{"index":"index","follow":"follow","max-snippet":"max-snippet:-1","max-image-preview":"max-image-preview:large","max-video-preview":"max-video-preview:-1"},"canonical":"https:\/\/kikartei.ch\/fr\/formation\/formation-individuelle-2\/","og_locale":"fr_FR","og_type":"article","og_title":"Formation individuelle - kikartei.ch - Kirchensoftware aus der Schweiz","og_description":"KiKartei.ch - das Programm f\u00fcr einfache Pfarrei- und Kirchgemeindeverwaltung. Von KW-Software AG.","og_url":"https:\/\/kikartei.ch\/fr\/formation\/formation-individuelle-2\/","og_site_name":"kikartei.ch - Kirchensoftware aus der Schweiz","twitter_card":"summary_large_image","schema":{"@context":"https:\/\/schema.org","@graph":[{"@type":"WebPage","@id":"https:\/\/kikartei.ch\/fr\/formation\/formation-individuelle-2\/","url":"https:\/\/kikartei.ch\/fr\/formation\/formation-individuelle-2\/","name":"Formation individuelle - kikartei.ch - Kirchensoftware aus der Schweiz","isPartOf":{"@id":"https:\/\/kikartei.ch\/#website"},"datePublished":"2023-03-10T10:42:24+00:00","description":"KiKartei.ch - das Programm f\u00fcr einfache Pfarrei- und Kirchgemeindeverwaltung. Von KW-Software AG.","breadcrumb":{"@id":"https:\/\/kikartei.ch\/fr\/formation\/formation-individuelle-2\/#breadcrumb"},"inLanguage":"fr-FR","potentialAction":[{"@type":"ReadAction","target":["https:\/\/kikartei.ch\/fr\/formation\/formation-individuelle-2\/"]}]},{"@type":"BreadcrumbList","@id":"https:\/\/kikartei.ch\/fr\/formation\/formation-individuelle-2\/#breadcrumb","itemListElement":[{"@type":"ListItem","position":1,"name":"Home","item":"https:\/\/kikartei.ch\/"},{"@type":"ListItem","position":2,"name":"Formation","item":"https:\/\/kikartei.ch\/fr\/formation\/"},{"@type":"ListItem","position":3,"name":"Formation individuelle"}]},{"@type":"WebSite","@id":"https:\/\/kikartei.ch\/#website","url":"https:\/\/kikartei.ch\/","name":"kikartei.ch - Kirchensoftware aus der Schweiz","description":"Pfarramtsf\u00fchrung war noch nie so einfach","publisher":{"@id":"https:\/\/kikartei.ch\/#organization"},"potentialAction":[{"@type":"SearchAction","target":{"@type":"EntryPoint","urlTemplate":"https:\/\/kikartei.ch\/?s={search_term_string}"},"query-input":{"@type":"PropertyValueSpecification","valueRequired":true,"valueName":"search_term_string"}}],"inLanguage":"fr-FR"},{"@type":"Organization","@id":"https:\/\/kikartei.ch\/#organization","name":"KiKartei.ch","url":"https:\/\/kikartei.ch\/","logo":{"@type":"ImageObject","inLanguage":"fr-FR","@id":"https:\/\/kikartei.ch\/#\/schema\/logo\/image\/","url":"https:\/\/kikartei.ch\/wp-content\/uploads\/2020\/08\/kikartei_Logo_text.png","contentUrl":"https:\/\/kikartei.ch\/wp-content\/uploads\/2020\/08\/kikartei_Logo_text.png","width":1614,"height":679,"caption":"KiKartei.ch"},"image":{"@id":"https:\/\/kikartei.ch\/#\/schema\/logo\/image\/"}}]}},"_links":{"self":[{"href":"https:\/\/kikartei.ch\/fr\/wp-json\/wp\/v2\/pages\/4923","targetHints":{"allow":["GET"]}}],"collection":[{"href":"https:\/\/kikartei.ch\/fr\/wp-json\/wp\/v2\/pages"}],"about":[{"href":"https:\/\/kikartei.ch\/fr\/wp-json\/wp\/v2\/types\/page"}],"author":[{"embeddable":true,"href":"https:\/\/kikartei.ch\/fr\/wp-json\/wp\/v2\/users\/1"}],"replies":[{"embeddable":true,"href":"https:\/\/kikartei.ch\/fr\/wp-json\/wp\/v2\/comments?post=4923"}],"version-history":[{"count":1,"href":"https:\/\/kikartei.ch\/fr\/wp-json\/wp\/v2\/pages\/4923\/revisions"}],"predecessor-version":[{"id":4924,"href":"https:\/\/kikartei.ch\/fr\/wp-json\/wp\/v2\/pages\/4923\/revisions\/4924"}],"up":[{"embeddable":true,"href":"https:\/\/kikartei.ch\/fr\/wp-json\/wp\/v2\/pages\/2343"}],"wp:attachment":[{"href":"https:\/\/kikartei.ch\/fr\/wp-json\/wp\/v2\/media?parent=4923"}],"curies":[{"name":"wp","href":"https:\/\/api.w.org\/{rel}","templated":true}]}}