{"id":4911,"date":"2023-03-10T10:17:48","date_gmt":"2023-03-10T09:17:48","guid":{"rendered":"https:\/\/kikartei.ch\/politique-de-confidentialite\/"},"modified":"2023-03-10T10:17:50","modified_gmt":"2023-03-10T09:17:50","slug":"politique-de-confidentialite","status":"publish","type":"page","link":"https:\/\/kikartei.ch\/fr\/politique-de-confidentialite\/","title":{"rendered":"Politique de confidentialit\u00e9"},"content":{"rendered":"\t\t<div data-elementor-type=\"wp-page\" data-elementor-id=\"4911\" class=\"elementor elementor-4911 elementor-999\">\n\t\t\t\t\t\t<section class=\"elementor-section elementor-top-section elementor-element elementor-element-a095204 elementor-section-boxed elementor-section-height-default elementor-section-height-default\" data-id=\"a095204\" data-element_type=\"section\" data-e-type=\"section\">\n\t\t\t\t\t\t<div class=\"elementor-container elementor-column-gap-default\">\n\t\t\t\t\t<div class=\"elementor-column elementor-col-100 elementor-top-column elementor-element elementor-element-d019aa5\" data-id=\"d019aa5\" data-element_type=\"column\" data-e-type=\"column\">\n\t\t\t<div class=\"elementor-widget-wrap elementor-element-populated\">\n\t\t\t\t\t\t<div class=\"elementor-element elementor-element-890115f elementor-widget elementor-widget-text-editor\" data-id=\"890115f\" data-element_type=\"widget\" data-e-type=\"widget\" data-widget_type=\"text-editor.default\">\n\t\t\t\t<div class=\"elementor-widget-container\">\n\t\t\t\t\t\t\t\t\t<h1 style=\"font-variant-ligatures: normal; font-variant-caps: normal; font-style: normal;\"><span style=\"font-family: 'Libre Baskerville'; font-size: 18px; font-weight: 600;\">1. Collecte, traitement et utilisation des donn\u00e9es personnelles<\/span><\/h1>\n<p style=\"font-variant-ligatures: normal; font-variant-caps: normal; font-family: Montserrat; font-size: 16px; font-style: normal; font-weight: 400; color: #000000;\">Lorsque vous visitez ce site Web, nous ne recueillons aucune donn\u00e9e personnelle vous concernant. Les donn\u00e9es personnelles ne sont collect\u00e9es que si vous nous les fournissez vous-m\u00eame via notre formulaire de contact. Ces donn\u00e9es sont utilis\u00e9es exclusivement pour r\u00e9pondre \u00e0 votre demande.<\/p>\n<h3 style=\"font-variant-ligatures: normal; font-variant-caps: normal; font-style: normal;\">2. Utilisation de cookies propres<\/h3>\n<p style=\"font-variant-ligatures: normal; font-variant-caps: normal; font-family: Montserrat; font-size: 16px; font-style: normal; font-weight: 400; color: #000000;\">Lors de l\u2019acc\u00e8s \u00e0 certaines pages, un \u00ab cookie de session \u00bb est d\u00e9fini. Il s\u2019agit d\u2019un petit fichier texte qui est automatiquement supprim\u00e9 de votre ordinateur \u00e0 la fin de la session du navigateur. Ce fichier est utilis\u00e9 exclusivement pour utiliser certaines applications. Vous pouvez modifier les param\u00e8tres de la plupart des navigateurs Web afin que votre navigateur n\u2019accepte pas les nouveaux cookies ou vous pouvez supprimer les cookies re\u00e7us. Comment cela fonctionne sp\u00e9cifiquement pour votre navigateur peut g\u00e9n\u00e9ralement \u00eatre d\u00e9couvert via sa fonction d\u2019aide.<\/p>\n<h3 style=\"font-variant-ligatures: normal; font-variant-caps: normal; font-style: normal;\">3. Fichiers journaux du serveur<\/h3>\n<p style=\"font-variant-ligatures: normal; font-variant-caps: normal; font-family: Montserrat; font-size: 16px; font-style: normal; font-weight: 400; color: #000000;\">Comme pour toute connexion \u00e0 un serveur Web, le serveur de notre fournisseur d\u2019h\u00e9bergement Web Metanet \u00e0 Zurich, en Suisse, enregistre et stocke certaines donn\u00e9es techniques. Ces donn\u00e9es comprennent l\u2019adresse IP et le syst\u00e8me d\u2019exploitation de votre appareil, les donn\u00e9es, le temps d\u2019acc\u00e8s, le type de navigateur et la demande du navigateur, y compris l\u2019origine de la demande (r\u00e9f\u00e9rent). Ceci est n\u00e9cessaire pour des raisons techniques afin de mettre notre site Web \u00e0 votre disposition. Le fournisseur d\u2019h\u00e9bergement Web prot\u00e8ge ces donn\u00e9es contre tout acc\u00e8s non autoris\u00e9 par des mesures techniques et organisationnelles et ne les transmet pas \u00e0 des tiers. Dans la mesure o\u00f9 nous traitons des donn\u00e9es personnelles, nous le faisons sur la base de notre int\u00e9r\u00eat \u00e0 vous fournir la meilleure exp\u00e9rience utilisateur possible et \u00e0 assurer la s\u00e9curit\u00e9 et la stabilit\u00e9 de nos syst\u00e8mes.<\/p>\n<h3 style=\"font-variant-ligatures: normal; font-variant-caps: normal; font-style: normal;\">4. Google Analytics <\/h3>\n<p style=\"font-variant-ligatures: normal; font-variant-caps: normal; font-family: Montserrat; font-size: 16px; font-style: normal; font-weight: 400; color: #000000;\">Ce site Web utilise Google Analytics, un service d\u2019analyse Web fourni par Google Inc., 1600 Amphitheatre Parkway, Mountain View, CA 94043, \u00c9tats-Unis. Google Analytics utilise des \u00ab cookies \u00bb, c\u2019est-\u00e0-dire des fichiers texte qui sont stock\u00e9s sur votre ordinateur et qui permettent une analyse de votre utilisation du site Web.<\/p>\n<p style=\"font-variant-ligatures: normal; font-variant-caps: normal; font-family: Montserrat; font-size: 16px; font-style: normal; font-weight: 400; color: #000000;\">Google utilise ces informations pour \u00e9valuer votre utilisation du site Web pour le compte de l\u2019exploitant de ce site Web, pour compiler des rapports sur l\u2019activit\u00e9 du site Web et pour fournir d\u2019autres services li\u00e9s \u00e0 l\u2019activit\u00e9 du site Web et \u00e0 l\u2019utilisation d\u2019Internet \u00e0 l\u2019exploitant du site Web. L\u2019adresse IP transmise par votre navigateur dans le cadre de Google Analytics ne sera pas fusionn\u00e9e avec d\u2019autres donn\u00e9es de Google.<\/p>\n<p style=\"font-variant-ligatures: normal; font-variant-caps: normal; font-family: Montserrat; font-size: 16px; font-style: normal; font-weight: 400; color: #000000;\">En configurant votre navigateur en cons\u00e9quence, vous pouvez emp\u00eacher ou supprimer le stockage de cookies.<\/p>\n<h3 style=\"font-variant-ligatures: normal; font-variant-caps: normal; font-style: normal;\">5. Newsletter <\/h3>\n<p style=\"font-variant-ligatures: normal; font-variant-caps: normal; font-family: Montserrat; font-size: 16px; font-style: normal; font-weight: 400; color: #000000;\">Si vous vous \u00eates inscrit \u00e0 notre newsletter avec votre adresse e-mail, nous stockerons et utiliserons votre adresse e-mail pour vous envoyer notre newsletter avec des informations et de la publicit\u00e9 nous concernant jusqu\u2019\u00e0 ce que vous vous d\u00e9sinscriviez de notre newsletter.<\/p>\n<p style=\"font-variant-ligatures: normal; font-variant-caps: normal; font-family: Montserrat; font-size: 16px; font-style: normal; font-weight: 400; color: #000000;\">Pour notre service de newsletter, nous utilisons le service de newsletter \u00ab Mailchimp \u00bb de Rocket Science Group LLC, 675 Ponce de Leon Ave NE, Suite 5000 Atlanta, GA 30308.<\/p>\n<p style=\"font-variant-ligatures: normal; font-variant-caps: normal; font-family: Montserrat; font-size: 16px; font-style: normal; font-weight: 400; color: #000000;\">Si vous entrez votre adresse e-mail pour recevoir la newsletter, elle sera initialement stock\u00e9e par MailChimp dans le but d\u2019envoyer au propri\u00e9taire un e-mail dans lequel il pourra confirmer son inscription \u00e0 la newsletter (\u00ab double opt-in \u00bb). Apr\u00e8s cette confirmation, l\u2019adresse e-mail sera stock\u00e9e de mani\u00e8re permanente par MailChimp jusqu\u2019\u00e0 ce que vous vous soyez d\u00e9sabonn\u00e9 de la newsletter ou jusqu\u2019\u00e0 ce que nous la supprimions. MailChimp stocke la date d\u2019enregistrement et l\u2019adresse IP sous laquelle l\u2019enregistrement a eu lieu. Votre adresse IP n\u2019est plus utilis\u00e9e.<\/p>\n<p style=\"font-variant-ligatures: normal; font-variant-caps: normal; font-family: Montserrat; font-size: 16px; font-style: normal; font-weight: 400; color: #000000;\">Nous attirons votre attention sur le fait que les donn\u00e9es collect\u00e9es et utilis\u00e9es via MailChimp sont stock\u00e9es et trait\u00e9es sur des ordinateurs aux \u00c9tats-Unis. En acceptant de recevoir notre newsletter, vous acceptez cela. En outre, nous avons conclu un accord de traitement des donn\u00e9es avec MailChimp sur la base des clauses contractuelles types de l\u2019UE. Votre adresse e-mail ne sera pas transmise \u00e0 des tiers.<\/p>\n<p style=\"font-variant-ligatures: normal; font-variant-caps: normal; font-family: Montserrat; font-size: 16px; font-style: normal; font-weight: 400; color: #000000;\">Vous pouvez vous d\u00e9sabonner de notre newsletter \u00e0 tout moment. Chaque e-mail avec notre newsletter contient un lien de d\u00e9sabonnement. Vous pouvez \u00e9galement r\u00e9voquer votre consentement \u00e0 l\u2019utilisation de votre adresse e-mail pour l\u2019avenir \u00e0 tout moment. Veuillez utiliser les options de contact ci-dessous.<\/p>\n<h3 style=\"font-variant-ligatures: normal; font-variant-caps: normal; font-style: normal;\">6. Vos droits<\/h3>\n<p style=\"font-variant-ligatures: normal; font-variant-caps: normal; font-family: Montserrat; font-size: 16px; font-style: normal; font-weight: 400; color: #000000;\">En principe, vous disposez d\u2019un droit d\u2019information, de rectification, de suppression, de restriction, de portabilit\u00e9 des donn\u00e9es, de r\u00e9vocation et d\u2019opposition. Si vous estimez que le traitement de vos donn\u00e9es enfreint la loi sur la protection des donn\u00e9es ou que vos droits en mati\u00e8re de protection des donn\u00e9es ont \u00e9t\u00e9 viol\u00e9s de quelque mani\u00e8re que ce soit, vous pouvez vous plaindre aupr\u00e8s de l\u2019autorit\u00e9 de contr\u00f4le.<\/p>\n<p style=\"font-variant-ligatures: normal; font-variant-caps: normal; font-family: Montserrat; font-size: 16px; font-style: normal; font-weight: 400; color: #000000;\">Vous pouvez nous joindre aux coordonn\u00e9es suivantes :<\/p>\n<div style=\"font-variant-ligatures: normal; font-variant-caps: normal; font-family: Montserrat; font-size: 16px; font-style: normal; font-weight: 400; color: #000000;\">\n<p style=\"font-size: 16px;\">KW Software AG<br \/>B\u00f6ttsteinerstrasse 2<br \/>CH-5314 Kleind\u00f6ttingen, Schweiz<\/p>\n<\/div>\n<div style=\"font-variant-ligatures: normal; font-variant-caps: normal; font-family: Montserrat; font-size: 16px; font-style: normal; font-weight: 400; color: #000000;\">+41 56 245 86 66<\/div>\n<div style=\"font-variant-ligatures: normal; font-variant-caps: normal; font-family: Montserrat; font-size: 16px; font-style: normal; font-weight: 400; color: #000000;\"><img decoding=\"async\" style=\"font-size: 16px;\" src=\"https:\/\/www.kw-software.ch\/Image\/mailIcon_white32px.png\" alt=\"\" width=\"16\" height=\"16\"><\/div>\n<div style=\"font-variant-ligatures: normal; font-variant-caps: normal; font-family: Montserrat; font-size: 16px; font-style: normal; font-weight: 400; color: #000000;\">\n<p style=\"font-size: 16px;\">info@kw-software.ch<\/p>\n<\/div>\n\t\t\t\t\t\t\t\t<\/div>\n\t\t\t\t<\/div>\n\t\t\t\t\t<\/div>\n\t\t<\/div>\n\t\t\t\t\t<\/div>\n\t\t<\/section>\n\t\t\t\t<section class=\"elementor-section elementor-top-section elementor-element elementor-element-4463963 elementor-section-stretched elementor-section-boxed elementor-section-height-default elementor-section-height-default\" data-id=\"4463963\" data-element_type=\"section\" data-e-type=\"section\" data-settings=\"{&quot;stretch_section&quot;:&quot;section-stretched&quot;,&quot;background_background&quot;:&quot;classic&quot;}\">\n\t\t\t\t\t\t<div class=\"elementor-container elementor-column-gap-default\">\n\t\t\t\t\t<div class=\"elementor-column elementor-col-100 elementor-top-column elementor-element elementor-element-7fd76f6\" data-id=\"7fd76f6\" data-element_type=\"column\" data-e-type=\"column\">\n\t\t\t<div class=\"elementor-widget-wrap\">\n\t\t\t\t\t\t\t<\/div>\n\t\t<\/div>\n\t\t\t\t\t<\/div>\n\t\t<\/section>\n\t\t\t\t<\/div>\n\t\t","protected":false},"excerpt":{"rendered":"<p>1. Collecte, traitement et utilisation des donn\u00e9es personnelles Lorsque vous visitez ce site Web, nous ne recueillons aucune donn\u00e9e personnelle vous concernant. Les donn\u00e9es personnelles ne sont collect\u00e9es que si vous nous les fournissez vous-m\u00eame via notre formulaire de contact. Ces donn\u00e9es sont utilis\u00e9es exclusivement pour r\u00e9pondre \u00e0 votre demande. 2. Utilisation de cookies propres [&hellip;]<\/p>\n","protected":false},"author":1,"featured_media":0,"parent":0,"menu_order":0,"comment_status":"closed","ping_status":"closed","template":"","meta":{"wp_popup_display_lightbox":0,"wp_popup_suppress":"","wp_popup_trigger":"","wp_popup_trigger_amount":0,"wp_popup_disable_on_mobile":false,"ocean_post_layout":"full-width","ocean_both_sidebars_style":"","ocean_both_sidebars_content_width":0,"ocean_both_sidebars_sidebars_width":0,"ocean_sidebar":"0","ocean_second_sidebar":"0","ocean_disable_margins":"enable","ocean_add_body_class":"","ocean_shortcode_before_top_bar":"","ocean_shortcode_after_top_bar":"","ocean_shortcode_before_header":"","ocean_shortcode_after_header":"","ocean_has_shortcode":"","ocean_shortcode_after_title":"","ocean_shortcode_before_footer_widgets":"","ocean_shortcode_after_footer_widgets":"","ocean_shortcode_before_footer_bottom":"","ocean_shortcode_after_footer_bottom":"","ocean_display_top_bar":"default","ocean_display_header":"default","ocean_header_style":"","ocean_center_header_left_menu":"0","ocean_custom_header_template":"0","ocean_custom_logo":0,"ocean_custom_retina_logo":0,"ocean_custom_logo_max_width":0,"ocean_custom_logo_tablet_max_width":0,"ocean_custom_logo_mobile_max_width":0,"ocean_custom_logo_max_height":0,"ocean_custom_logo_tablet_max_height":0,"ocean_custom_logo_mobile_max_height":0,"ocean_header_custom_menu":"0","ocean_menu_typo_font_family":"0","ocean_menu_typo_font_subset":"","ocean_menu_typo_font_size":0,"ocean_menu_typo_font_size_tablet":0,"ocean_menu_typo_font_size_mobile":0,"ocean_menu_typo_font_size_unit":"px","ocean_menu_typo_font_weight":"","ocean_menu_typo_font_weight_tablet":"","ocean_menu_typo_font_weight_mobile":"","ocean_menu_typo_transform":"","ocean_menu_typo_transform_tablet":"","ocean_menu_typo_transform_mobile":"","ocean_menu_typo_line_height":0,"ocean_menu_typo_line_height_tablet":0,"ocean_menu_typo_line_height_mobile":0,"ocean_menu_typo_line_height_unit":"","ocean_menu_typo_spacing":0,"ocean_menu_typo_spacing_tablet":0,"ocean_menu_typo_spacing_mobile":0,"ocean_menu_typo_spacing_unit":"","ocean_menu_link_color":"","ocean_menu_link_color_hover":"","ocean_menu_link_color_active":"","ocean_menu_link_background":"","ocean_menu_link_hover_background":"","ocean_menu_link_active_background":"","ocean_menu_social_links_bg":"","ocean_menu_social_hover_links_bg":"","ocean_menu_social_links_color":"","ocean_menu_social_hover_links_color":"","ocean_disable_title":"default","ocean_disable_heading":"default","ocean_post_title":"","ocean_post_subheading":"","ocean_post_title_style":"","ocean_post_title_background_color":"","ocean_post_title_background":0,"ocean_post_title_bg_image_position":"","ocean_post_title_bg_image_attachment":"","ocean_post_title_bg_image_repeat":"","ocean_post_title_bg_image_size":"","ocean_post_title_height":0,"ocean_post_title_bg_overlay":0.5,"ocean_post_title_bg_overlay_color":"","ocean_disable_breadcrumbs":"default","ocean_breadcrumbs_color":"","ocean_breadcrumbs_separator_color":"","ocean_breadcrumbs_links_color":"","ocean_breadcrumbs_links_hover_color":"","ocean_display_footer_widgets":"default","ocean_display_footer_bottom":"default","ocean_custom_footer_template":"0","footnotes":""},"class_list":["post-4911","page","type-page","status-publish","hentry","entry"],"yoast_head":"<!-- This site is optimized with the Yoast SEO plugin v27.4 - https:\/\/yoast.com\/product\/yoast-seo-wordpress\/ -->\n<title>Politique de confidentialit\u00e9 - kikartei.ch - Kirchensoftware aus der Schweiz<\/title>\n<meta name=\"description\" content=\"KiKartei.ch - das Programm f\u00fcr einfache Pfarrei- und Kirchgemeindeverwaltung. Von KW-Software AG.\" \/>\n<meta name=\"robots\" content=\"index, follow, max-snippet:-1, max-image-preview:large, max-video-preview:-1\" \/>\n<link rel=\"canonical\" href=\"https:\/\/kikartei.ch\/fr\/politique-de-confidentialite\/\" \/>\n<meta property=\"og:locale\" content=\"fr_FR\" \/>\n<meta property=\"og:type\" content=\"article\" \/>\n<meta property=\"og:title\" content=\"Politique de confidentialit\u00e9 - kikartei.ch - Kirchensoftware aus der Schweiz\" \/>\n<meta property=\"og:description\" content=\"KiKartei.ch - das Programm f\u00fcr einfache Pfarrei- und Kirchgemeindeverwaltung. Von KW-Software AG.\" \/>\n<meta property=\"og:url\" content=\"https:\/\/kikartei.ch\/fr\/politique-de-confidentialite\/\" \/>\n<meta property=\"og:site_name\" content=\"kikartei.ch - Kirchensoftware aus der Schweiz\" \/>\n<meta property=\"article:modified_time\" content=\"2023-03-10T09:17:50+00:00\" \/>\n<meta property=\"og:image\" content=\"https:\/\/www.kw-software.ch\/Image\/mailIcon_white32px.png\" \/>\n<meta name=\"twitter:card\" content=\"summary_large_image\" \/>\n<meta name=\"twitter:label1\" content=\"Dur\u00e9e de lecture estim\u00e9e\" \/>\n\t<meta name=\"twitter:data1\" content=\"4 minutes\" \/>\n<script type=\"application\/ld+json\" class=\"yoast-schema-graph\">{\"@context\":\"https:\\\/\\\/schema.org\",\"@graph\":[{\"@type\":\"WebPage\",\"@id\":\"https:\\\/\\\/kikartei.ch\\\/fr\\\/politique-de-confidentialite\\\/\",\"url\":\"https:\\\/\\\/kikartei.ch\\\/fr\\\/politique-de-confidentialite\\\/\",\"name\":\"Politique de confidentialit\u00e9 - kikartei.ch - Kirchensoftware aus der Schweiz\",\"isPartOf\":{\"@id\":\"https:\\\/\\\/kikartei.ch\\\/#website\"},\"primaryImageOfPage\":{\"@id\":\"https:\\\/\\\/kikartei.ch\\\/fr\\\/politique-de-confidentialite\\\/#primaryimage\"},\"image\":{\"@id\":\"https:\\\/\\\/kikartei.ch\\\/fr\\\/politique-de-confidentialite\\\/#primaryimage\"},\"thumbnailUrl\":\"https:\\\/\\\/www.kw-software.ch\\\/Image\\\/mailIcon_white32px.png\",\"datePublished\":\"2023-03-10T09:17:48+00:00\",\"dateModified\":\"2023-03-10T09:17:50+00:00\",\"description\":\"KiKartei.ch - das Programm f\u00fcr einfache Pfarrei- und Kirchgemeindeverwaltung. Von KW-Software AG.\",\"breadcrumb\":{\"@id\":\"https:\\\/\\\/kikartei.ch\\\/fr\\\/politique-de-confidentialite\\\/#breadcrumb\"},\"inLanguage\":\"fr-FR\",\"potentialAction\":[{\"@type\":\"ReadAction\",\"target\":[\"https:\\\/\\\/kikartei.ch\\\/fr\\\/politique-de-confidentialite\\\/\"]}]},{\"@type\":\"ImageObject\",\"inLanguage\":\"fr-FR\",\"@id\":\"https:\\\/\\\/kikartei.ch\\\/fr\\\/politique-de-confidentialite\\\/#primaryimage\",\"url\":\"https:\\\/\\\/www.kw-software.ch\\\/Image\\\/mailIcon_white32px.png\",\"contentUrl\":\"https:\\\/\\\/www.kw-software.ch\\\/Image\\\/mailIcon_white32px.png\"},{\"@type\":\"BreadcrumbList\",\"@id\":\"https:\\\/\\\/kikartei.ch\\\/fr\\\/politique-de-confidentialite\\\/#breadcrumb\",\"itemListElement\":[{\"@type\":\"ListItem\",\"position\":1,\"name\":\"Home\",\"item\":\"https:\\\/\\\/kikartei.ch\\\/\"},{\"@type\":\"ListItem\",\"position\":2,\"name\":\"Politique de confidentialit\u00e9\"}]},{\"@type\":\"WebSite\",\"@id\":\"https:\\\/\\\/kikartei.ch\\\/#website\",\"url\":\"https:\\\/\\\/kikartei.ch\\\/\",\"name\":\"kikartei.ch - Kirchensoftware aus der Schweiz\",\"description\":\"Pfarramtsf\u00fchrung war noch nie so einfach\",\"publisher\":{\"@id\":\"https:\\\/\\\/kikartei.ch\\\/#organization\"},\"potentialAction\":[{\"@type\":\"SearchAction\",\"target\":{\"@type\":\"EntryPoint\",\"urlTemplate\":\"https:\\\/\\\/kikartei.ch\\\/?s={search_term_string}\"},\"query-input\":{\"@type\":\"PropertyValueSpecification\",\"valueRequired\":true,\"valueName\":\"search_term_string\"}}],\"inLanguage\":\"fr-FR\"},{\"@type\":\"Organization\",\"@id\":\"https:\\\/\\\/kikartei.ch\\\/#organization\",\"name\":\"KiKartei.ch\",\"url\":\"https:\\\/\\\/kikartei.ch\\\/\",\"logo\":{\"@type\":\"ImageObject\",\"inLanguage\":\"fr-FR\",\"@id\":\"https:\\\/\\\/kikartei.ch\\\/#\\\/schema\\\/logo\\\/image\\\/\",\"url\":\"https:\\\/\\\/kikartei.ch\\\/wp-content\\\/uploads\\\/2020\\\/08\\\/kikartei_Logo_text.png\",\"contentUrl\":\"https:\\\/\\\/kikartei.ch\\\/wp-content\\\/uploads\\\/2020\\\/08\\\/kikartei_Logo_text.png\",\"width\":1614,\"height\":679,\"caption\":\"KiKartei.ch\"},\"image\":{\"@id\":\"https:\\\/\\\/kikartei.ch\\\/#\\\/schema\\\/logo\\\/image\\\/\"}}]}<\/script>\n<!-- \/ Yoast SEO plugin. -->","yoast_head_json":{"title":"Politique de confidentialit\u00e9 - kikartei.ch - Kirchensoftware aus der Schweiz","description":"KiKartei.ch - das Programm f\u00fcr einfache Pfarrei- und Kirchgemeindeverwaltung. Von KW-Software AG.","robots":{"index":"index","follow":"follow","max-snippet":"max-snippet:-1","max-image-preview":"max-image-preview:large","max-video-preview":"max-video-preview:-1"},"canonical":"https:\/\/kikartei.ch\/fr\/politique-de-confidentialite\/","og_locale":"fr_FR","og_type":"article","og_title":"Politique de confidentialit\u00e9 - kikartei.ch - Kirchensoftware aus der Schweiz","og_description":"KiKartei.ch - das Programm f\u00fcr einfache Pfarrei- und Kirchgemeindeverwaltung. Von KW-Software AG.","og_url":"https:\/\/kikartei.ch\/fr\/politique-de-confidentialite\/","og_site_name":"kikartei.ch - Kirchensoftware aus der Schweiz","article_modified_time":"2023-03-10T09:17:50+00:00","og_image":[{"url":"https:\/\/www.kw-software.ch\/Image\/mailIcon_white32px.png","type":"","width":"","height":""}],"twitter_card":"summary_large_image","twitter_misc":{"Dur\u00e9e de lecture estim\u00e9e":"4 minutes"},"schema":{"@context":"https:\/\/schema.org","@graph":[{"@type":"WebPage","@id":"https:\/\/kikartei.ch\/fr\/politique-de-confidentialite\/","url":"https:\/\/kikartei.ch\/fr\/politique-de-confidentialite\/","name":"Politique de confidentialit\u00e9 - kikartei.ch - Kirchensoftware aus der Schweiz","isPartOf":{"@id":"https:\/\/kikartei.ch\/#website"},"primaryImageOfPage":{"@id":"https:\/\/kikartei.ch\/fr\/politique-de-confidentialite\/#primaryimage"},"image":{"@id":"https:\/\/kikartei.ch\/fr\/politique-de-confidentialite\/#primaryimage"},"thumbnailUrl":"https:\/\/www.kw-software.ch\/Image\/mailIcon_white32px.png","datePublished":"2023-03-10T09:17:48+00:00","dateModified":"2023-03-10T09:17:50+00:00","description":"KiKartei.ch - das Programm f\u00fcr einfache Pfarrei- und Kirchgemeindeverwaltung. Von KW-Software AG.","breadcrumb":{"@id":"https:\/\/kikartei.ch\/fr\/politique-de-confidentialite\/#breadcrumb"},"inLanguage":"fr-FR","potentialAction":[{"@type":"ReadAction","target":["https:\/\/kikartei.ch\/fr\/politique-de-confidentialite\/"]}]},{"@type":"ImageObject","inLanguage":"fr-FR","@id":"https:\/\/kikartei.ch\/fr\/politique-de-confidentialite\/#primaryimage","url":"https:\/\/www.kw-software.ch\/Image\/mailIcon_white32px.png","contentUrl":"https:\/\/www.kw-software.ch\/Image\/mailIcon_white32px.png"},{"@type":"BreadcrumbList","@id":"https:\/\/kikartei.ch\/fr\/politique-de-confidentialite\/#breadcrumb","itemListElement":[{"@type":"ListItem","position":1,"name":"Home","item":"https:\/\/kikartei.ch\/"},{"@type":"ListItem","position":2,"name":"Politique de confidentialit\u00e9"}]},{"@type":"WebSite","@id":"https:\/\/kikartei.ch\/#website","url":"https:\/\/kikartei.ch\/","name":"kikartei.ch - Kirchensoftware aus der Schweiz","description":"Pfarramtsf\u00fchrung war noch nie so einfach","publisher":{"@id":"https:\/\/kikartei.ch\/#organization"},"potentialAction":[{"@type":"SearchAction","target":{"@type":"EntryPoint","urlTemplate":"https:\/\/kikartei.ch\/?s={search_term_string}"},"query-input":{"@type":"PropertyValueSpecification","valueRequired":true,"valueName":"search_term_string"}}],"inLanguage":"fr-FR"},{"@type":"Organization","@id":"https:\/\/kikartei.ch\/#organization","name":"KiKartei.ch","url":"https:\/\/kikartei.ch\/","logo":{"@type":"ImageObject","inLanguage":"fr-FR","@id":"https:\/\/kikartei.ch\/#\/schema\/logo\/image\/","url":"https:\/\/kikartei.ch\/wp-content\/uploads\/2020\/08\/kikartei_Logo_text.png","contentUrl":"https:\/\/kikartei.ch\/wp-content\/uploads\/2020\/08\/kikartei_Logo_text.png","width":1614,"height":679,"caption":"KiKartei.ch"},"image":{"@id":"https:\/\/kikartei.ch\/#\/schema\/logo\/image\/"}}]}},"_links":{"self":[{"href":"https:\/\/kikartei.ch\/fr\/wp-json\/wp\/v2\/pages\/4911","targetHints":{"allow":["GET"]}}],"collection":[{"href":"https:\/\/kikartei.ch\/fr\/wp-json\/wp\/v2\/pages"}],"about":[{"href":"https:\/\/kikartei.ch\/fr\/wp-json\/wp\/v2\/types\/page"}],"author":[{"embeddable":true,"href":"https:\/\/kikartei.ch\/fr\/wp-json\/wp\/v2\/users\/1"}],"replies":[{"embeddable":true,"href":"https:\/\/kikartei.ch\/fr\/wp-json\/wp\/v2\/comments?post=4911"}],"version-history":[{"count":1,"href":"https:\/\/kikartei.ch\/fr\/wp-json\/wp\/v2\/pages\/4911\/revisions"}],"predecessor-version":[{"id":4912,"href":"https:\/\/kikartei.ch\/fr\/wp-json\/wp\/v2\/pages\/4911\/revisions\/4912"}],"wp:attachment":[{"href":"https:\/\/kikartei.ch\/fr\/wp-json\/wp\/v2\/media?parent=4911"}],"curies":[{"name":"wp","href":"https:\/\/api.w.org\/{rel}","templated":true}]}}